{"id":28315,"date":"2021-10-18T14:36:56","date_gmt":"2021-10-18T13:36:56","guid":{"rendered":"https:\/\/breastcancer.knowledgehub.wiley.com\/ueber-uns\/"},"modified":"2023-12-21T11:30:59","modified_gmt":"2023-12-21T11:30:59","slug":"ueber-uns","status":"publish","type":"page","link":"https:\/\/breastcancer.knowledgehub.wiley.com\/de\/ueber-uns\/","title":{"rendered":"\u00dcber Uns"},"content":{"rendered":"\n<h1>\n\t\t\u00dcber Wiley Knowledge Hub zu Brustkrebs\n\t<\/h1>\n\t<p>Die Wiley Knowledge Hubs ver\u00f6ffentlichen und kuratieren eine Reihe relevanter und qualit\u00e4tskontrollierter digitaler Assets zu Forschungsthemen in den Gesundheits- und Biowissenschaften, die auf die Realit\u00e4t der heutigen medizinischen Praxis zugeschnitten sind. . Unsere Hubs sind zur einfachen Navigation nach Themenbereichen unterteilt und bieten schnellen Zugriff auf die neuesten Forschungsergebnisse und Ressourcen, die Sie f\u00fcr Ihre t\u00e4gliche Arbeit und Weiterbildung anwenden k\u00f6nnen.<\/p>\n\t<p>Dieser Wiley Knowledge Hub zu Brustkrebs ver\u00f6ffentlicht die neuesten klinisch relevanten Inhalte aus vertrauensw\u00fcrdigen Quellen und gibt dem gesamten multidisziplin\u00e4ren Team relevante Tools an die Hand, um sich \u00fcber die derzeitigen Therapien f\u00fcr die sichere und wirksame Behandlung von Patientinnen mit Brustkrebs im Fr\u00fchstadium oder metastasiertem Brustkrebs zu informieren. Damit soll auch sichergestellt werden, dass Best Practices eingehalten werden, mit denen die Lebensqualit\u00e4t der betroffenen Frauen verbessert werden kann.<\/p>\n<p>Alle hier ver\u00f6ffentlichten Inhalte werden von unserem unabh\u00e4ngigen Redaktionsgremium von Experten \u00fcberpr\u00fcft und in einem zug\u00e4nglichen Format f\u00fcr eine einfache Anwendung im klinischen Praxisalltag pr\u00e4sentiert.<\/p>\n<p>Diese Bildungsressource wird von Eli Lilly unterst\u00fctzt. Eli Lilly hat keinen Einfluss auf den Inhalt oder die Auswahl des Redaktionsgremiums.<\/p>\n\t\t\t\t\t\t\t\t\t\t<a class=\"uabb-ss-grid-button-link\" href=\"https:\/\/www.xing.com\/app\/user?op=share&#038;url=https%3A%2F%2Fbreastcancer.knowledgehub.wiley.com%2Fde%2Fueber-uns%2F%3Ffl_builder\" target=\"_blank\" onclick=\"window.open(this.href,'social-share','left=20,top=20,width=500,height=500,toolbar=1,resizable=0');return false;\" rel=\"noopener\">\n\t\t\t\t\t\t\t\tXing\n\t\t\t\t\t\t\t\t\t\t<\/a>\n\t\t\t\t\t\t\t\t\t\t<a class=\"uabb-ss-grid-button-link\" href=\"https:\/\/www.facebook.com\/sharer.php?u=https%3A%2F%2Fbreastcancer.knowledgehub.wiley.com%2Fde%2Fueber-uns%2F%3Ffl_builder\" target=\"_blank\" onclick=\"window.open(this.href,'social-share','left=20,top=20,width=500,height=500,toolbar=1,resizable=0');return false;\" rel=\"noopener\">\n\t\t\t\t\t\t\t\tFacebook\n\t\t\t\t\t\t\t\t\t\t<\/a>\n\t\t\t\t\t\t\t\t\t\t<a class=\"uabb-ss-grid-button-link\" href=\"https:\/\/twitter.com\/share?url=https%3A%2F%2Fbreastcancer.knowledgehub.wiley.com%2Fde%2Fueber-uns%2F%3Ffl_builder\" target=\"_blank\" onclick=\"window.open(this.href,'social-share','left=20,top=20,width=500,height=500,toolbar=1,resizable=0');return false;\" rel=\"noopener\">\n\t\t\t\t\t\t\t\tTwitter\n\t\t\t\t\t\t\t\t\t\t<\/a>\n\t\t\t\t\t\t\t\t\t\t<a class=\"uabb-ss-grid-button-link\" href=\"https:\/\/www.linkedin.com\/shareArticle?url=https%3A%2F%2Fbreastcancer.knowledgehub.wiley.com%2Fde%2Fueber-uns%2F%3Ffl_builder\" target=\"_blank\" onclick=\"window.open(this.href,'social-share','left=20,top=20,width=500,height=500,toolbar=1,resizable=0');return false;\" rel=\"noopener\">\n\t\t\t\t\t\t\t\tLinkedin\n\t\t\t\t\t\t\t\t\t\t<\/a>\n\n","protected":false},"excerpt":{"rendered":"<p>\u00dcber Wiley Knowledge Hub zu Brustkrebs Die Wiley Knowledge Hubs ver\u00f6ffentlichen und kuratieren eine Reihe relevanter und qualit\u00e4tskontrollierter digitaler Assets zu Forschungsthemen in den Gesundheits- und Biowissenschaften, die auf die Realit\u00e4t der heutigen medizinischen Praxis zugeschnitten sind. . Unsere Hubs sind zur einfachen Navigation nach Themenbereichen unterteilt und bieten schnellen Zugriff auf die neuesten Forschungsergebnisse [&hellip;]<\/p>\n","protected":false},"author":1,"featured_media":0,"parent":0,"menu_order":0,"comment_status":"closed","ping_status":"closed","template":"","meta":{"_acf_changed":false,"site-sidebar-layout":"no-sidebar","site-content-layout":"page-builder","ast-site-content-layout":"full-width-container","site-content-style":"unboxed","site-sidebar-style":"unboxed","ast-global-header-display":"","ast-banner-title-visibility":"","ast-main-header-display":"","ast-hfb-above-header-display":"","ast-hfb-below-header-display":"","ast-hfb-mobile-header-display":"","site-post-title":"disabled","ast-breadcrumbs-content":"","ast-featured-img":"","footer-sml-layout":"","ast-disable-related-posts":"","theme-transparent-header-meta":"default","adv-header-id-meta":"","stick-header-meta":"","header-above-stick-meta":"","header-main-stick-meta":"","header-below-stick-meta":"","astra-migrate-meta-layouts":"set","ast-page-background-enabled":"default","ast-page-background-meta":{"desktop":{"background-color":"","background-image":"","background-repeat":"repeat","background-position":"center center","background-size":"auto","background-attachment":"scroll","background-type":"","background-media":"","overlay-type":"","overlay-color":"","overlay-opacity":"","overlay-gradient":""},"tablet":{"background-color":"","background-image":"","background-repeat":"repeat","background-position":"center center","background-size":"auto","background-attachment":"scroll","background-type":"","background-media":"","overlay-type":"","overlay-color":"","overlay-opacity":"","overlay-gradient":""},"mobile":{"background-color":"","background-image":"","background-repeat":"repeat","background-position":"center center","background-size":"auto","background-attachment":"scroll","background-type":"","background-media":"","overlay-type":"","overlay-color":"","overlay-opacity":"","overlay-gradient":""}},"ast-content-background-meta":{"desktop":{"background-color":"var(--ast-global-color-5)","background-image":"","background-repeat":"repeat","background-position":"center center","background-size":"auto","background-attachment":"scroll","background-type":"","background-media":"","overlay-type":"","overlay-color":"","overlay-opacity":"","overlay-gradient":""},"tablet":{"background-color":"var(--ast-global-color-5)","background-image":"","background-repeat":"repeat","background-position":"center center","background-size":"auto","background-attachment":"scroll","background-type":"","background-media":"","overlay-type":"","overlay-color":"","overlay-opacity":"","overlay-gradient":""},"mobile":{"background-color":"var(--ast-global-color-5)","background-image":"","background-repeat":"repeat","background-position":"center center","background-size":"auto","background-attachment":"scroll","background-type":"","background-media":"","overlay-type":"","overlay-color":"","overlay-opacity":"","overlay-gradient":""}},"footnotes":""},"class_list":["post-28315","page","type-page","status-publish","hentry"],"acf":[],"yoast_head":"<!-- This site is optimized with the Yoast SEO plugin v27.1.1 - https:\/\/yoast.com\/product\/yoast-seo-wordpress\/ -->\n<title>\u00dcber Uns - Bildungsressourcen zum Thema Brustkrebs f\u00fcr medizinische Fachpersonen<\/title>\n<meta name=\"description\" content=\"Informationen f\u00fcr Fachkreise \u00fcber die sichere und wirksame Behandlung von Patientinnen mit Brustkrebs im Fr\u00fchstadium oder metastasiertem Brustkrebs.\" \/>\n<meta name=\"robots\" content=\"index, follow, max-snippet:-1, max-image-preview:large, max-video-preview:-1\" \/>\n<link rel=\"canonical\" href=\"https:\/\/breastcancer.knowledgehub.wiley.com\/de\/ueber-uns\/\" \/>\n<meta property=\"og:locale\" content=\"de_DE\" \/>\n<meta property=\"og:type\" content=\"article\" \/>\n<meta property=\"og:title\" content=\"\u00dcber Uns - Bildungsressourcen zum Thema Brustkrebs f\u00fcr medizinische Fachpersonen\" \/>\n<meta property=\"og:description\" content=\"Informationen f\u00fcr Fachkreise \u00fcber die sichere und wirksame Behandlung von Patientinnen mit Brustkrebs im Fr\u00fchstadium oder metastasiertem Brustkrebs.\" \/>\n<meta property=\"og:url\" content=\"https:\/\/breastcancer.knowledgehub.wiley.com\/de\/ueber-uns\/\" \/>\n<meta property=\"og:site_name\" content=\"Bildungsressourcen zum Thema Brustkrebs f\u00fcr medizinische Fachpersonen\" \/>\n<meta property=\"article:modified_time\" content=\"2023-12-21T11:30:59+00:00\" \/>\n<meta name=\"twitter:card\" content=\"summary_large_image\" \/>\n<script type=\"application\/ld+json\" class=\"yoast-schema-graph\">{\"@context\":\"https:\/\/schema.org\",\"@graph\":[{\"@type\":\"WebPage\",\"@id\":\"https:\/\/breastcancer.knowledgehub.wiley.com\/de\/ueber-uns\/\",\"url\":\"https:\/\/breastcancer.knowledgehub.wiley.com\/de\/ueber-uns\/\",\"name\":\"\u00dcber Uns - Bildungsressourcen zum Thema Brustkrebs f\u00fcr medizinische Fachpersonen\",\"isPartOf\":{\"@id\":\"https:\/\/breastcancer.knowledgehub.wiley.com\/de\/#website\"},\"datePublished\":\"2021-10-18T13:36:56+00:00\",\"dateModified\":\"2023-12-21T11:30:59+00:00\",\"description\":\"Informationen f\u00fcr Fachkreise \u00fcber die sichere und wirksame Behandlung von Patientinnen mit Brustkrebs im Fr\u00fchstadium oder metastasiertem Brustkrebs.\",\"breadcrumb\":{\"@id\":\"https:\/\/breastcancer.knowledgehub.wiley.com\/de\/ueber-uns\/#breadcrumb\"},\"inLanguage\":\"de-DE\",\"potentialAction\":[{\"@type\":\"ReadAction\",\"target\":[\"https:\/\/breastcancer.knowledgehub.wiley.com\/de\/ueber-uns\/\"]}]},{\"@type\":\"BreadcrumbList\",\"@id\":\"https:\/\/breastcancer.knowledgehub.wiley.com\/de\/ueber-uns\/#breadcrumb\",\"itemListElement\":[{\"@type\":\"ListItem\",\"position\":1,\"name\":\"Home\",\"item\":\"https:\/\/breastcancer.knowledgehub.wiley.com\/de\/\"},{\"@type\":\"ListItem\",\"position\":2,\"name\":\"\u00dcber Uns\"}]},{\"@type\":\"WebSite\",\"@id\":\"https:\/\/breastcancer.knowledgehub.wiley.com\/de\/#website\",\"url\":\"https:\/\/breastcancer.knowledgehub.wiley.com\/de\/\",\"name\":\"Bildungsressourcen zum Thema Brustkrebs f\u00fcr medizinische Fachpersonen\",\"description\":\"Breast Cancer focused knowledge hub of resources, webinars, latest research and clinical updates for health care professionals who are treating patients living with Breast Cancer\",\"publisher\":{\"@id\":\"https:\/\/breastcancer.knowledgehub.wiley.com\/de\/#organization\"},\"potentialAction\":[{\"@type\":\"SearchAction\",\"target\":{\"@type\":\"EntryPoint\",\"urlTemplate\":\"https:\/\/breastcancer.knowledgehub.wiley.com\/de\/?s={search_term_string}\"},\"query-input\":{\"@type\":\"PropertyValueSpecification\",\"valueRequired\":true,\"valueName\":\"search_term_string\"}}],\"inLanguage\":\"de-DE\"},{\"@type\":\"Organization\",\"@id\":\"https:\/\/breastcancer.knowledgehub.wiley.com\/de\/#organization\",\"name\":\"Wiley\",\"url\":\"https:\/\/breastcancer.knowledgehub.wiley.com\/de\/\",\"logo\":{\"@type\":\"ImageObject\",\"inLanguage\":\"de-DE\",\"@id\":\"https:\/\/breastcancer.knowledgehub.wiley.com\/de\/#\/schema\/logo\/image\/\",\"url\":\"https:\/\/breastcancer.knowledgehub.wiley.com\/wp-content\/uploads\/2023\/02\/Wiley_Logo.jpg\",\"contentUrl\":\"https:\/\/breastcancer.knowledgehub.wiley.com\/wp-content\/uploads\/2023\/02\/Wiley_Logo.jpg\",\"width\":696,\"height\":696,\"caption\":\"Wiley\"},\"image\":{\"@id\":\"https:\/\/breastcancer.knowledgehub.wiley.com\/de\/#\/schema\/logo\/image\/\"}}]}<\/script>\n<!-- \/ Yoast SEO plugin. -->","yoast_head_json":{"title":"\u00dcber Uns - Bildungsressourcen zum Thema Brustkrebs f\u00fcr medizinische Fachpersonen","description":"Informationen f\u00fcr Fachkreise \u00fcber die sichere und wirksame Behandlung von Patientinnen mit Brustkrebs im Fr\u00fchstadium oder metastasiertem Brustkrebs.","robots":{"index":"index","follow":"follow","max-snippet":"max-snippet:-1","max-image-preview":"max-image-preview:large","max-video-preview":"max-video-preview:-1"},"canonical":"https:\/\/breastcancer.knowledgehub.wiley.com\/de\/ueber-uns\/","og_locale":"de_DE","og_type":"article","og_title":"\u00dcber Uns - Bildungsressourcen zum Thema Brustkrebs f\u00fcr medizinische Fachpersonen","og_description":"Informationen f\u00fcr Fachkreise \u00fcber die sichere und wirksame Behandlung von Patientinnen mit Brustkrebs im Fr\u00fchstadium oder metastasiertem Brustkrebs.","og_url":"https:\/\/breastcancer.knowledgehub.wiley.com\/de\/ueber-uns\/","og_site_name":"Bildungsressourcen zum Thema Brustkrebs f\u00fcr medizinische Fachpersonen","article_modified_time":"2023-12-21T11:30:59+00:00","twitter_card":"summary_large_image","schema":{"@context":"https:\/\/schema.org","@graph":[{"@type":"WebPage","@id":"https:\/\/breastcancer.knowledgehub.wiley.com\/de\/ueber-uns\/","url":"https:\/\/breastcancer.knowledgehub.wiley.com\/de\/ueber-uns\/","name":"\u00dcber Uns - Bildungsressourcen zum Thema Brustkrebs f\u00fcr medizinische Fachpersonen","isPartOf":{"@id":"https:\/\/breastcancer.knowledgehub.wiley.com\/de\/#website"},"datePublished":"2021-10-18T13:36:56+00:00","dateModified":"2023-12-21T11:30:59+00:00","description":"Informationen f\u00fcr Fachkreise \u00fcber die sichere und wirksame Behandlung von Patientinnen mit Brustkrebs im Fr\u00fchstadium oder metastasiertem Brustkrebs.","breadcrumb":{"@id":"https:\/\/breastcancer.knowledgehub.wiley.com\/de\/ueber-uns\/#breadcrumb"},"inLanguage":"de-DE","potentialAction":[{"@type":"ReadAction","target":["https:\/\/breastcancer.knowledgehub.wiley.com\/de\/ueber-uns\/"]}]},{"@type":"BreadcrumbList","@id":"https:\/\/breastcancer.knowledgehub.wiley.com\/de\/ueber-uns\/#breadcrumb","itemListElement":[{"@type":"ListItem","position":1,"name":"Home","item":"https:\/\/breastcancer.knowledgehub.wiley.com\/de\/"},{"@type":"ListItem","position":2,"name":"\u00dcber Uns"}]},{"@type":"WebSite","@id":"https:\/\/breastcancer.knowledgehub.wiley.com\/de\/#website","url":"https:\/\/breastcancer.knowledgehub.wiley.com\/de\/","name":"Bildungsressourcen zum Thema Brustkrebs f\u00fcr medizinische Fachpersonen","description":"Breast Cancer focused knowledge hub of resources, webinars, latest research and clinical updates for health care professionals who are treating patients living with Breast Cancer","publisher":{"@id":"https:\/\/breastcancer.knowledgehub.wiley.com\/de\/#organization"},"potentialAction":[{"@type":"SearchAction","target":{"@type":"EntryPoint","urlTemplate":"https:\/\/breastcancer.knowledgehub.wiley.com\/de\/?s={search_term_string}"},"query-input":{"@type":"PropertyValueSpecification","valueRequired":true,"valueName":"search_term_string"}}],"inLanguage":"de-DE"},{"@type":"Organization","@id":"https:\/\/breastcancer.knowledgehub.wiley.com\/de\/#organization","name":"Wiley","url":"https:\/\/breastcancer.knowledgehub.wiley.com\/de\/","logo":{"@type":"ImageObject","inLanguage":"de-DE","@id":"https:\/\/breastcancer.knowledgehub.wiley.com\/de\/#\/schema\/logo\/image\/","url":"https:\/\/breastcancer.knowledgehub.wiley.com\/wp-content\/uploads\/2023\/02\/Wiley_Logo.jpg","contentUrl":"https:\/\/breastcancer.knowledgehub.wiley.com\/wp-content\/uploads\/2023\/02\/Wiley_Logo.jpg","width":696,"height":696,"caption":"Wiley"},"image":{"@id":"https:\/\/breastcancer.knowledgehub.wiley.com\/de\/#\/schema\/logo\/image\/"}}]}},"_links":{"self":[{"href":"https:\/\/breastcancer.knowledgehub.wiley.com\/de\/wp-json\/wp\/v2\/pages\/28315","targetHints":{"allow":["GET"]}}],"collection":[{"href":"https:\/\/breastcancer.knowledgehub.wiley.com\/de\/wp-json\/wp\/v2\/pages"}],"about":[{"href":"https:\/\/breastcancer.knowledgehub.wiley.com\/de\/wp-json\/wp\/v2\/types\/page"}],"author":[{"embeddable":true,"href":"https:\/\/breastcancer.knowledgehub.wiley.com\/de\/wp-json\/wp\/v2\/users\/1"}],"replies":[{"embeddable":true,"href":"https:\/\/breastcancer.knowledgehub.wiley.com\/de\/wp-json\/wp\/v2\/comments?post=28315"}],"version-history":[{"count":3,"href":"https:\/\/breastcancer.knowledgehub.wiley.com\/de\/wp-json\/wp\/v2\/pages\/28315\/revisions"}],"predecessor-version":[{"id":28928,"href":"https:\/\/breastcancer.knowledgehub.wiley.com\/de\/wp-json\/wp\/v2\/pages\/28315\/revisions\/28928"}],"wp:attachment":[{"href":"https:\/\/breastcancer.knowledgehub.wiley.com\/de\/wp-json\/wp\/v2\/media?parent=28315"}],"curies":[{"name":"wp","href":"https:\/\/api.w.org\/{rel}","templated":true}]}}