{"id":28312,"date":"2021-11-04T14:22:09","date_gmt":"2021-11-04T14:22:09","guid":{"rendered":"https:\/\/breastcancer.knowledgehub.wiley.com\/kommentare-fuehrender-experten\/"},"modified":"2024-04-26T11:23:20","modified_gmt":"2024-04-26T10:23:20","slug":"expertenkommentare","status":"publish","type":"page","link":"https:\/\/breastcancer.knowledgehub.wiley.com\/de\/expertenkommentare\/","title":{"rendered":"Expertenkommentare"},"content":{"rendered":"\n<h1>\n\t\tExpertenkommentare &#8211; Brustkrebs\n\t<\/h1>\n\t<p>Fallstudien und wichtige Take-Home-Messages zur Diagnose und Behandlung von Brustkrebs, kuratiert f\u00fcr medizinische Fachpersonen von unserem Redaktionsgremium aus Experten.<\/p>\n<h2>\n\t\tFallstudien\n\t<\/h2>\n\t\t\t\t\t\t\t\t\t\t\t\t\t\t<a href=\"https:\/\/breastcancer.knowledgehub.wiley.com\/de\/kommentare-fuehrender-experten\/fallstudie-mattea-reinisch\/\" target=\"_self\" title=\"Klinisches Potenzial von CDK4\/6-Inhibitoren bei BrustkrebsDr. Mattea Reinisch\" rel=\"noopener\">\n\t\t\t\t<img decoding=\"async\" src=\"https:\/\/breastcancer.knowledgehub.wiley.com\/wp-content\/uploads\/2024\/03\/Mettea-Reinisch-Case-Study.jpg\" alt=\"\" \/>\n\t\t\t\t<\/a>\n\t\t\t\t\t\t<h3>\n\t\t\t\t<a href=https:\/\/breastcancer.knowledgehub.wiley.com\/de\/kommentare-fuehrender-experten\/fallstudie-mattea-reinisch\/ title=\"Klinisches Potenzial von CDK4\/6-Inhibitoren bei BrustkrebsDr. Mattea Reinisch\" tabindex=\"0\">Klinisches Potenzial von CDK4\/6-Inhibitoren bei Brustkrebs<br \/><small>Dr. Mattea Reinisch<\/small><\/a>\t\t\t<\/h3>\n\t\t\t<a href=\"https:\/\/breastcancer.knowledgehub.wiley.com\/de\/kommentare-fuehrender-experten\/fallstudie-mattea-reinisch\/\" target=\"_self\" role=\"button\" aria-label=\"VIDEO ANSEHEN\" rel=\"noopener\">\n\t\t\t\t\t\t\tVIDEO ANSEHEN\n\t\t<\/a>\n\t\t\t\t\t\t\t\t\t\t\t\t\t\t<a href=\"https:\/\/breastcancer.knowledgehub.wiley.com\/de\/kommentare-fuehrender-experten\/fallstudie-rachel-wuerstlein\/\" target=\"_self\" title=\"Klinisches Potenzial von CDK4\/6-Inhibitoren bei BrustkrebsDr. Rachel W\u00fcrstlein\" rel=\"noopener\">\n\t\t\t\t<img decoding=\"async\" src=\"https:\/\/breastcancer.knowledgehub.wiley.com\/wp-content\/uploads\/2023\/12\/Rachel-Wurstlein-Case-Study-FI.jpg\" alt=\"Rachel Wurstlein Case Study\" \/>\n\t\t\t\t<\/a>\n\t\t\t\t\t\t<h3>\n\t\t\t\t<a href=https:\/\/breastcancer.knowledgehub.wiley.com\/de\/kommentare-fuehrender-experten\/fallstudie-rachel-wuerstlein\/ title=\"Klinisches Potenzial von CDK4\/6-Inhibitoren bei BrustkrebsDr. Rachel W\u00fcrstlein\" tabindex=\"0\">Klinisches Potenzial von CDK4\/6-Inhibitoren bei Brustkrebs<br \/><small>Dr. Rachel W\u00fcrstlein<\/small><\/a>\t\t\t<\/h3>\n\t\t\t<a href=\"https:\/\/breastcancer.knowledgehub.wiley.com\/de\/kommentare-fuehrender-experten\/fallstudie-rachel-wuerstlein\/\" target=\"_self\" role=\"button\" aria-label=\"VIDEO ANSEHEN\" rel=\"noopener\">\n\t\t\t\t\t\t\tVIDEO ANSEHEN\n\t\t<\/a>\n\t<h2>Berichterstattung \u00fcber ESMO-Kongress 2023<\/h2>\n<h4>Prof. Harbeck und Prof. Barrios<\/h4>\n\t\t\t\t\t\t\t\t\t\t\t\t\t\t<a href=\"https:\/\/breastcancer.knowledgehub.wiley.com\/de\/kommentare-fuehrender-experten\/berichterstattung-ueber-esmo-kongress-2023-teil-1\/\" target=\"_self\" title=\"Berichterstattung \u00fcber ESMO-Kongress 2023 - Teil 1Abspieldauer: 25 minuten\" rel=\"noopener\">\n\t\t\t\t<img decoding=\"async\" src=\"https:\/\/breastcancer.knowledgehub.wiley.com\/wp-content\/uploads\/2023\/11\/ESMO-Part-1-FI.jpg\" alt=\"\" \/>\n\t\t\t\t<\/a>\n\t\t\t\t\t\t<h3>\n\t\t\t\t<a href=https:\/\/breastcancer.knowledgehub.wiley.com\/de\/kommentare-fuehrender-experten\/berichterstattung-ueber-esmo-kongress-2023-teil-1\/ title=\"Berichterstattung \u00fcber ESMO-Kongress 2023 - Teil 1Abspieldauer: 25 minuten\" tabindex=\"0\">Berichterstattung \u00fcber ESMO-Kongress 2023 &#8211; Teil 1<br \/><small>Abspieldauer: 25 minuten<\/small><\/a>\t\t\t<\/h3>\n\t\t\t\t\t\t\t\tNeueste Daten zu CDK4\/6-Inhibitoren bei HR-positivem, HER2-negativem Brustkrebs im Fr\u00fchstadium.\n\t\t\t<a href=\"https:\/\/breastcancer.knowledgehub.wiley.com\/de\/kommentare-fuehrender-experten\/berichterstattung-ueber-esmo-kongress-2023-teil-1\/\" target=\"_self\" role=\"button\" aria-label=\"VIDEO ANSEHEN\" rel=\"noopener\">\n\t\t\t\t\t\t\tVIDEO ANSEHEN\n\t\t<\/a>\n\t\t\t\t\t\t\t\t\t\t\t\t\t\t<a href=\"https:\/\/breastcancer.knowledgehub.wiley.com\/de\/kommentare-fuehrender-experten\/berichterstattung-ueber-esmo-kongress-2023-teil-2\/\" target=\"_self\" title=\"Berichterstattung \u00fcber ESMO-Kongress 2023 - Teil 2Abspieldauer: 6 minuten\" rel=\"noopener\">\n\t\t\t\t<img decoding=\"async\" src=\"https:\/\/breastcancer.knowledgehub.wiley.com\/wp-content\/uploads\/2023\/11\/ESMO-Part-2-FI.jpg\" alt=\"\" \/>\n\t\t\t\t<\/a>\n\t\t\t\t\t\t<h3>\n\t\t\t\t<a href=https:\/\/breastcancer.knowledgehub.wiley.com\/de\/kommentare-fuehrender-experten\/berichterstattung-ueber-esmo-kongress-2023-teil-2\/ title=\"Berichterstattung \u00fcber ESMO-Kongress 2023 - Teil 2Abspieldauer: 6 minuten\" tabindex=\"0\">Berichterstattung \u00fcber ESMO-Kongress 2023 &#8211; Teil 2<br \/><small>Abspieldauer: 6 minuten<\/small><\/a>\t\t\t<\/h3>\n\t\t\t\t\t\t\t\tEinfluss der Therapieadh\u00e4renz bei Langzeitbehandlung mit oralen Medikamenten im adjuvanten Setting und Einsatz von Technologie zur Verbesserung der Lebensqualit\u00e4t der Patientinnen\n\t\t\t<a href=\"https:\/\/breastcancer.knowledgehub.wiley.com\/de\/kommentare-fuehrender-experten\/berichterstattung-ueber-esmo-kongress-2023-teil-2\/\" target=\"_self\" role=\"button\" aria-label=\"VIDEO ANSEHEN\" rel=\"noopener\">\n\t\t\t\t\t\t\tVIDEO ANSEHEN\n\t\t<\/a>\n\t\t\t\t\t\t\t\t\t\t\t\t\t\t<a href=\"https:\/\/breastcancer.knowledgehub.wiley.com\/de\/kommentare-fuehrender-experten\/berichterstattung-ueber-esmo-kongress-2023-teil-3\/\" target=\"_self\" title=\"Berichterstattung \u00fcber ESMO-Kongress 2023 - Teil 3Abspieldauer: 10 minuten\" rel=\"noopener\">\n\t\t\t\t<img decoding=\"async\" src=\"https:\/\/breastcancer.knowledgehub.wiley.com\/wp-content\/uploads\/2023\/11\/ESMO-Part-3-FI.jpg\" alt=\"\" \/>\n\t\t\t\t<\/a>\n\t\t\t\t\t\t<h3>\n\t\t\t\t<a href=https:\/\/breastcancer.knowledgehub.wiley.com\/de\/kommentare-fuehrender-experten\/berichterstattung-ueber-esmo-kongress-2023-teil-3\/ title=\"Berichterstattung \u00fcber ESMO-Kongress 2023 - Teil 3Abspieldauer: 10 minuten\" tabindex=\"0\">Berichterstattung \u00fcber ESMO-Kongress 2023 &#8211; Teil 3<br \/><small>Abspieldauer: 10 minuten<\/small><\/a>\t\t\t<\/h3>\n\t\t\t\t\t\t\t\tNeue endokrine Therapien im metastasierten Setting.\n\t\t\t<a href=\"https:\/\/breastcancer.knowledgehub.wiley.com\/de\/kommentare-fuehrender-experten\/berichterstattung-ueber-esmo-kongress-2023-teil-3\/\" target=\"_self\" role=\"button\" aria-label=\"VIDEO ANSEHEN\" rel=\"noopener\">\n\t\t\t\t\t\t\tVIDEO ANSEHEN\n\t\t<\/a>\n\t\t\t\t\t\t\t\t\t\t\t\t\t\t<a href=\"https:\/\/breastcancer.knowledgehub.wiley.com\/de\/kommentare-fuehrender-experten\/highlights-vom-esmo-kongress-2023\/\" target=\"_self\" title=\"Highlights vom ESMO-Kongress 2023\" rel=\"noopener\">\n\t\t\t\t<img decoding=\"async\" src=\"https:\/\/breastcancer.knowledgehub.wiley.com\/wp-content\/uploads\/2023\/12\/ESMO-Coverage-DE.png\" alt=\"\" \/>\n\t\t\t\t<\/a>\n\t\t\t\t\t\t<h3>\n\t\t\t\t<a href=https:\/\/breastcancer.knowledgehub.wiley.com\/de\/kommentare-fuehrender-experten\/highlights-vom-esmo-kongress-2023\/ title=\"Highlights vom ESMO-Kongress 2023\" tabindex=\"0\">Highlights vom ESMO-Kongress 2023<\/a>\t\t\t<\/h3>\n\t\t\t\t\t\t\t\tKlinische Fortschritte bei der Behandlung von Brustkrebs im Fr\u00fchstadium und fortgeschrittenem Brustkrebs mit hohem Risiko\n\t\t\t<a href=\"https:\/\/breastcancer.knowledgehub.wiley.com\/de\/kommentare-fuehrender-experten\/highlights-vom-esmo-kongress-2023\/\" target=\"_self\" role=\"button\" aria-label=\"WEITERLESEN\" rel=\"noopener\">\n\t\t\t\t\t\t\tWEITERLESEN\n\t\t<\/a>\n\t\t\t\t\t\t\t\t\t\t<a class=\"uabb-ss-grid-button-link\" href=\"https:\/\/www.xing.com\/app\/user?op=share&#038;url=https%3A%2F%2Fbreastcancer.knowledgehub.wiley.com%2Fde%2Fexpertenkommentare%2F%3Ffl_builder\" target=\"_blank\" onclick=\"window.open(this.href,'social-share','left=20,top=20,width=500,height=500,toolbar=1,resizable=0');return false;\" rel=\"noopener\">\n\t\t\t\t\t\t\t\tXing\n\t\t\t\t\t\t\t\t\t\t<\/a>\n\t\t\t\t\t\t\t\t\t\t<a class=\"uabb-ss-grid-button-link\" href=\"https:\/\/www.facebook.com\/sharer.php?u=https%3A%2F%2Fbreastcancer.knowledgehub.wiley.com%2Fde%2Fexpertenkommentare%2F%3Ffl_builder\" target=\"_blank\" onclick=\"window.open(this.href,'social-share','left=20,top=20,width=500,height=500,toolbar=1,resizable=0');return false;\" rel=\"noopener\">\n\t\t\t\t\t\t\t\tFacebook\n\t\t\t\t\t\t\t\t\t\t<\/a>\n\t\t\t\t\t\t\t\t\t\t<a class=\"uabb-ss-grid-button-link\" href=\"https:\/\/twitter.com\/share?url=https%3A%2F%2Fbreastcancer.knowledgehub.wiley.com%2Fde%2Fexpertenkommentare%2F%3Ffl_builder\" target=\"_blank\" onclick=\"window.open(this.href,'social-share','left=20,top=20,width=500,height=500,toolbar=1,resizable=0');return false;\" rel=\"noopener\">\n\t\t\t\t\t\t\t\tTwitter\n\t\t\t\t\t\t\t\t\t\t<\/a>\n\t\t\t\t\t\t\t\t\t\t<a class=\"uabb-ss-grid-button-link\" href=\"https:\/\/www.linkedin.com\/shareArticle?url=https%3A%2F%2Fbreastcancer.knowledgehub.wiley.com%2Fde%2Fexpertenkommentare%2F%3Ffl_builder\" target=\"_blank\" onclick=\"window.open(this.href,'social-share','left=20,top=20,width=500,height=500,toolbar=1,resizable=0');return false;\" rel=\"noopener\">\n\t\t\t\t\t\t\t\tLinkedin\n\t\t\t\t\t\t\t\t\t\t<\/a>\n\n","protected":false},"excerpt":{"rendered":"<p>Expertenkommentare &#8211; Brustkrebs Fallstudien und wichtige Take-Home-Messages zur Diagnose und Behandlung von Brustkrebs, kuratiert f\u00fcr medizinische Fachpersonen von unserem Redaktionsgremium aus Experten. Fallstudien Klinisches Potenzial von CDK4\/6-Inhibitoren bei BrustkrebsDr. Mattea Reinisch VIDEO ANSEHEN Klinisches Potenzial von CDK4\/6-Inhibitoren bei BrustkrebsDr. Rachel W\u00fcrstlein VIDEO ANSEHEN Berichterstattung \u00fcber ESMO-Kongress 2023 Prof. Harbeck und Prof. Barrios Berichterstattung \u00fcber ESMO-Kongress [&hellip;]<\/p>\n","protected":false},"author":1,"featured_media":0,"parent":0,"menu_order":0,"comment_status":"closed","ping_status":"closed","template":"","meta":{"_acf_changed":false,"site-sidebar-layout":"default","site-content-layout":"page-builder","ast-site-content-layout":"full-width-container","site-content-style":"unboxed","site-sidebar-style":"unboxed","ast-global-header-display":"","ast-banner-title-visibility":"","ast-main-header-display":"","ast-hfb-above-header-display":"","ast-hfb-below-header-display":"","ast-hfb-mobile-header-display":"","site-post-title":"disabled","ast-breadcrumbs-content":"","ast-featured-img":"disabled","footer-sml-layout":"","ast-disable-related-posts":"","theme-transparent-header-meta":"default","adv-header-id-meta":"","stick-header-meta":"","header-above-stick-meta":"","header-main-stick-meta":"","header-below-stick-meta":"","astra-migrate-meta-layouts":"set","ast-page-background-enabled":"default","ast-page-background-meta":{"desktop":{"background-color":"","background-image":"","background-repeat":"repeat","background-position":"center center","background-size":"auto","background-attachment":"scroll","background-type":"","background-media":"","overlay-type":"","overlay-color":"","overlay-opacity":"","overlay-gradient":""},"tablet":{"background-color":"","background-image":"","background-repeat":"repeat","background-position":"center center","background-size":"auto","background-attachment":"scroll","background-type":"","background-media":"","overlay-type":"","overlay-color":"","overlay-opacity":"","overlay-gradient":""},"mobile":{"background-color":"","background-image":"","background-repeat":"repeat","background-position":"center center","background-size":"auto","background-attachment":"scroll","background-type":"","background-media":"","overlay-type":"","overlay-color":"","overlay-opacity":"","overlay-gradient":""}},"ast-content-background-meta":{"desktop":{"background-color":"var(--ast-global-color-5)","background-image":"","background-repeat":"repeat","background-position":"center center","background-size":"auto","background-attachment":"scroll","background-type":"","background-media":"","overlay-type":"","overlay-color":"","overlay-opacity":"","overlay-gradient":""},"tablet":{"background-color":"var(--ast-global-color-5)","background-image":"","background-repeat":"repeat","background-position":"center center","background-size":"auto","background-attachment":"scroll","background-type":"","background-media":"","overlay-type":"","overlay-color":"","overlay-opacity":"","overlay-gradient":""},"mobile":{"background-color":"var(--ast-global-color-5)","background-image":"","background-repeat":"repeat","background-position":"center center","background-size":"auto","background-attachment":"scroll","background-type":"","background-media":"","overlay-type":"","overlay-color":"","overlay-opacity":"","overlay-gradient":""}},"footnotes":""},"class_list":["post-28312","page","type-page","status-publish","hentry"],"acf":[],"yoast_head":"<!-- This site is optimized with the Yoast SEO plugin v27.1.1 - https:\/\/yoast.com\/product\/yoast-seo-wordpress\/ -->\n<title>Expertenkommentare - Bildungsressourcen zum Thema Brustkrebs f\u00fcr medizinische Fachpersonen<\/title>\n<meta name=\"description\" content=\"Fallstudien und wichtige Take-Home-Messages zur Diagnose und Behandlung von Brustkrebs.\" \/>\n<meta name=\"robots\" content=\"index, follow, max-snippet:-1, max-image-preview:large, max-video-preview:-1\" \/>\n<link rel=\"canonical\" href=\"https:\/\/breastcancer.knowledgehub.wiley.com\/de\/expertenkommentare\/\" \/>\n<meta property=\"og:locale\" content=\"de_DE\" \/>\n<meta property=\"og:type\" content=\"article\" \/>\n<meta property=\"og:title\" content=\"Expertenkommentare - Bildungsressourcen zum Thema Brustkrebs f\u00fcr medizinische Fachpersonen\" \/>\n<meta property=\"og:description\" content=\"Fallstudien und wichtige Take-Home-Messages zur Diagnose und Behandlung von Brustkrebs.\" \/>\n<meta property=\"og:url\" content=\"https:\/\/breastcancer.knowledgehub.wiley.com\/de\/expertenkommentare\/\" \/>\n<meta property=\"og:site_name\" content=\"Bildungsressourcen zum Thema Brustkrebs f\u00fcr medizinische Fachpersonen\" \/>\n<meta property=\"article:modified_time\" content=\"2024-04-26T10:23:20+00:00\" \/>\n<meta property=\"og:image\" content=\"https:\/\/breastcancer.knowledgehub.wiley.com\/wp-content\/uploads\/2024\/03\/Mettea-Reinisch-Case-Study.jpg\" \/>\n<meta name=\"twitter:card\" content=\"summary_large_image\" \/>\n<meta name=\"twitter:label1\" content=\"Est. reading time\" \/>\n\t<meta name=\"twitter:data1\" content=\"1 minute\" \/>\n<script type=\"application\/ld+json\" class=\"yoast-schema-graph\">{\"@context\":\"https:\/\/schema.org\",\"@graph\":[{\"@type\":\"WebPage\",\"@id\":\"https:\/\/breastcancer.knowledgehub.wiley.com\/de\/expertenkommentare\/\",\"url\":\"https:\/\/breastcancer.knowledgehub.wiley.com\/de\/expertenkommentare\/\",\"name\":\"Expertenkommentare - Bildungsressourcen zum Thema Brustkrebs f\u00fcr medizinische Fachpersonen\",\"isPartOf\":{\"@id\":\"https:\/\/breastcancer.knowledgehub.wiley.com\/de\/#website\"},\"primaryImageOfPage\":{\"@id\":\"https:\/\/breastcancer.knowledgehub.wiley.com\/de\/expertenkommentare\/#primaryimage\"},\"image\":{\"@id\":\"https:\/\/breastcancer.knowledgehub.wiley.com\/de\/expertenkommentare\/#primaryimage\"},\"thumbnailUrl\":\"https:\/\/breastcancer.knowledgehub.wiley.com\/wp-content\/uploads\/2024\/03\/Mettea-Reinisch-Case-Study.jpg\",\"datePublished\":\"2021-11-04T14:22:09+00:00\",\"dateModified\":\"2024-04-26T10:23:20+00:00\",\"description\":\"Fallstudien und wichtige Take-Home-Messages zur Diagnose und Behandlung von Brustkrebs.\",\"breadcrumb\":{\"@id\":\"https:\/\/breastcancer.knowledgehub.wiley.com\/de\/expertenkommentare\/#breadcrumb\"},\"inLanguage\":\"de-DE\",\"potentialAction\":[{\"@type\":\"ReadAction\",\"target\":[\"https:\/\/breastcancer.knowledgehub.wiley.com\/de\/expertenkommentare\/\"]}]},{\"@type\":\"ImageObject\",\"inLanguage\":\"de-DE\",\"@id\":\"https:\/\/breastcancer.knowledgehub.wiley.com\/de\/expertenkommentare\/#primaryimage\",\"url\":\"https:\/\/breastcancer.knowledgehub.wiley.com\/wp-content\/uploads\/2024\/03\/Mettea-Reinisch-Case-Study.jpg\",\"contentUrl\":\"https:\/\/breastcancer.knowledgehub.wiley.com\/wp-content\/uploads\/2024\/03\/Mettea-Reinisch-Case-Study.jpg\"},{\"@type\":\"BreadcrumbList\",\"@id\":\"https:\/\/breastcancer.knowledgehub.wiley.com\/de\/expertenkommentare\/#breadcrumb\",\"itemListElement\":[{\"@type\":\"ListItem\",\"position\":1,\"name\":\"Home\",\"item\":\"https:\/\/breastcancer.knowledgehub.wiley.com\/de\/\"},{\"@type\":\"ListItem\",\"position\":2,\"name\":\"Expertenkommentare\"}]},{\"@type\":\"WebSite\",\"@id\":\"https:\/\/breastcancer.knowledgehub.wiley.com\/de\/#website\",\"url\":\"https:\/\/breastcancer.knowledgehub.wiley.com\/de\/\",\"name\":\"Bildungsressourcen zum Thema Brustkrebs f\u00fcr medizinische Fachpersonen\",\"description\":\"Breast Cancer focused knowledge hub of resources, webinars, latest research and clinical updates for health care professionals who are treating patients living with Breast Cancer\",\"publisher\":{\"@id\":\"https:\/\/breastcancer.knowledgehub.wiley.com\/de\/#organization\"},\"potentialAction\":[{\"@type\":\"SearchAction\",\"target\":{\"@type\":\"EntryPoint\",\"urlTemplate\":\"https:\/\/breastcancer.knowledgehub.wiley.com\/de\/?s={search_term_string}\"},\"query-input\":{\"@type\":\"PropertyValueSpecification\",\"valueRequired\":true,\"valueName\":\"search_term_string\"}}],\"inLanguage\":\"de-DE\"},{\"@type\":\"Organization\",\"@id\":\"https:\/\/breastcancer.knowledgehub.wiley.com\/de\/#organization\",\"name\":\"Wiley\",\"url\":\"https:\/\/breastcancer.knowledgehub.wiley.com\/de\/\",\"logo\":{\"@type\":\"ImageObject\",\"inLanguage\":\"de-DE\",\"@id\":\"https:\/\/breastcancer.knowledgehub.wiley.com\/de\/#\/schema\/logo\/image\/\",\"url\":\"https:\/\/breastcancer.knowledgehub.wiley.com\/wp-content\/uploads\/2023\/02\/Wiley_Logo.jpg\",\"contentUrl\":\"https:\/\/breastcancer.knowledgehub.wiley.com\/wp-content\/uploads\/2023\/02\/Wiley_Logo.jpg\",\"width\":696,\"height\":696,\"caption\":\"Wiley\"},\"image\":{\"@id\":\"https:\/\/breastcancer.knowledgehub.wiley.com\/de\/#\/schema\/logo\/image\/\"}}]}<\/script>\n<!-- \/ Yoast SEO plugin. -->","yoast_head_json":{"title":"Expertenkommentare - Bildungsressourcen zum Thema Brustkrebs f\u00fcr medizinische Fachpersonen","description":"Fallstudien und wichtige Take-Home-Messages zur Diagnose und Behandlung von Brustkrebs.","robots":{"index":"index","follow":"follow","max-snippet":"max-snippet:-1","max-image-preview":"max-image-preview:large","max-video-preview":"max-video-preview:-1"},"canonical":"https:\/\/breastcancer.knowledgehub.wiley.com\/de\/expertenkommentare\/","og_locale":"de_DE","og_type":"article","og_title":"Expertenkommentare - Bildungsressourcen zum Thema Brustkrebs f\u00fcr medizinische Fachpersonen","og_description":"Fallstudien und wichtige Take-Home-Messages zur Diagnose und Behandlung von Brustkrebs.","og_url":"https:\/\/breastcancer.knowledgehub.wiley.com\/de\/expertenkommentare\/","og_site_name":"Bildungsressourcen zum Thema Brustkrebs f\u00fcr medizinische Fachpersonen","article_modified_time":"2024-04-26T10:23:20+00:00","og_image":[{"url":"https:\/\/breastcancer.knowledgehub.wiley.com\/wp-content\/uploads\/2024\/03\/Mettea-Reinisch-Case-Study.jpg","type":"","width":"","height":""}],"twitter_card":"summary_large_image","twitter_misc":{"Est. reading time":"1 minute"},"schema":{"@context":"https:\/\/schema.org","@graph":[{"@type":"WebPage","@id":"https:\/\/breastcancer.knowledgehub.wiley.com\/de\/expertenkommentare\/","url":"https:\/\/breastcancer.knowledgehub.wiley.com\/de\/expertenkommentare\/","name":"Expertenkommentare - Bildungsressourcen zum Thema Brustkrebs f\u00fcr medizinische Fachpersonen","isPartOf":{"@id":"https:\/\/breastcancer.knowledgehub.wiley.com\/de\/#website"},"primaryImageOfPage":{"@id":"https:\/\/breastcancer.knowledgehub.wiley.com\/de\/expertenkommentare\/#primaryimage"},"image":{"@id":"https:\/\/breastcancer.knowledgehub.wiley.com\/de\/expertenkommentare\/#primaryimage"},"thumbnailUrl":"https:\/\/breastcancer.knowledgehub.wiley.com\/wp-content\/uploads\/2024\/03\/Mettea-Reinisch-Case-Study.jpg","datePublished":"2021-11-04T14:22:09+00:00","dateModified":"2024-04-26T10:23:20+00:00","description":"Fallstudien und wichtige Take-Home-Messages zur Diagnose und Behandlung von Brustkrebs.","breadcrumb":{"@id":"https:\/\/breastcancer.knowledgehub.wiley.com\/de\/expertenkommentare\/#breadcrumb"},"inLanguage":"de-DE","potentialAction":[{"@type":"ReadAction","target":["https:\/\/breastcancer.knowledgehub.wiley.com\/de\/expertenkommentare\/"]}]},{"@type":"ImageObject","inLanguage":"de-DE","@id":"https:\/\/breastcancer.knowledgehub.wiley.com\/de\/expertenkommentare\/#primaryimage","url":"https:\/\/breastcancer.knowledgehub.wiley.com\/wp-content\/uploads\/2024\/03\/Mettea-Reinisch-Case-Study.jpg","contentUrl":"https:\/\/breastcancer.knowledgehub.wiley.com\/wp-content\/uploads\/2024\/03\/Mettea-Reinisch-Case-Study.jpg"},{"@type":"BreadcrumbList","@id":"https:\/\/breastcancer.knowledgehub.wiley.com\/de\/expertenkommentare\/#breadcrumb","itemListElement":[{"@type":"ListItem","position":1,"name":"Home","item":"https:\/\/breastcancer.knowledgehub.wiley.com\/de\/"},{"@type":"ListItem","position":2,"name":"Expertenkommentare"}]},{"@type":"WebSite","@id":"https:\/\/breastcancer.knowledgehub.wiley.com\/de\/#website","url":"https:\/\/breastcancer.knowledgehub.wiley.com\/de\/","name":"Bildungsressourcen zum Thema Brustkrebs f\u00fcr medizinische Fachpersonen","description":"Breast Cancer focused knowledge hub of resources, webinars, latest research and clinical updates for health care professionals who are treating patients living with Breast Cancer","publisher":{"@id":"https:\/\/breastcancer.knowledgehub.wiley.com\/de\/#organization"},"potentialAction":[{"@type":"SearchAction","target":{"@type":"EntryPoint","urlTemplate":"https:\/\/breastcancer.knowledgehub.wiley.com\/de\/?s={search_term_string}"},"query-input":{"@type":"PropertyValueSpecification","valueRequired":true,"valueName":"search_term_string"}}],"inLanguage":"de-DE"},{"@type":"Organization","@id":"https:\/\/breastcancer.knowledgehub.wiley.com\/de\/#organization","name":"Wiley","url":"https:\/\/breastcancer.knowledgehub.wiley.com\/de\/","logo":{"@type":"ImageObject","inLanguage":"de-DE","@id":"https:\/\/breastcancer.knowledgehub.wiley.com\/de\/#\/schema\/logo\/image\/","url":"https:\/\/breastcancer.knowledgehub.wiley.com\/wp-content\/uploads\/2023\/02\/Wiley_Logo.jpg","contentUrl":"https:\/\/breastcancer.knowledgehub.wiley.com\/wp-content\/uploads\/2023\/02\/Wiley_Logo.jpg","width":696,"height":696,"caption":"Wiley"},"image":{"@id":"https:\/\/breastcancer.knowledgehub.wiley.com\/de\/#\/schema\/logo\/image\/"}}]}},"_links":{"self":[{"href":"https:\/\/breastcancer.knowledgehub.wiley.com\/de\/wp-json\/wp\/v2\/pages\/28312","targetHints":{"allow":["GET"]}}],"collection":[{"href":"https:\/\/breastcancer.knowledgehub.wiley.com\/de\/wp-json\/wp\/v2\/pages"}],"about":[{"href":"https:\/\/breastcancer.knowledgehub.wiley.com\/de\/wp-json\/wp\/v2\/types\/page"}],"author":[{"embeddable":true,"href":"https:\/\/breastcancer.knowledgehub.wiley.com\/de\/wp-json\/wp\/v2\/users\/1"}],"replies":[{"embeddable":true,"href":"https:\/\/breastcancer.knowledgehub.wiley.com\/de\/wp-json\/wp\/v2\/comments?post=28312"}],"version-history":[{"count":6,"href":"https:\/\/breastcancer.knowledgehub.wiley.com\/de\/wp-json\/wp\/v2\/pages\/28312\/revisions"}],"predecessor-version":[{"id":29438,"href":"https:\/\/breastcancer.knowledgehub.wiley.com\/de\/wp-json\/wp\/v2\/pages\/28312\/revisions\/29438"}],"wp:attachment":[{"href":"https:\/\/breastcancer.knowledgehub.wiley.com\/de\/wp-json\/wp\/v2\/media?parent=28312"}],"curies":[{"name":"wp","href":"https:\/\/api.w.org\/{rel}","templated":true}]}}