{"id":28307,"date":"2021-11-04T14:33:02","date_gmt":"2021-11-04T14:33:02","guid":{"rendered":"https:\/\/breastcancer.knowledgehub.wiley.com\/infografiken\/"},"modified":"2024-03-14T14:09:48","modified_gmt":"2024-03-14T14:09:48","slug":"infografiken","status":"publish","type":"page","link":"https:\/\/breastcancer.knowledgehub.wiley.com\/de\/infografiken\/","title":{"rendered":"Infografiken"},"content":{"rendered":"\n<h1>\n\t\tInfografiken &#8211; Brustkrebs\n\t<\/h1>\n\t<p>Diese Infografiken enthalten die neuesten Informationen zu Brustkrebs im Fr\u00fchstadium und metastasiertem Brustkrebs f\u00fcr das gesamte multidisziplin\u00e4re Team.<\/p>\n\t<p>Infografiken bald verf\u00fcgbar&#8230;<\/p>\n\t\t\t\t\t\t\t\t\t\t<a class=\"uabb-ss-grid-button-link\" href=\"https:\/\/www.xing.com\/app\/user?op=share&#038;url=https%3A%2F%2Fbreastcancer.knowledgehub.wiley.com%2Fde%2Finfografiken%2F%3Ffl_builder\" target=\"_blank\" onclick=\"window.open(this.href,'social-share','left=20,top=20,width=500,height=500,toolbar=1,resizable=0');return false;\" rel=\"noopener\">\n\t\t\t\t\t\t\t\tXing\n\t\t\t\t\t\t\t\t\t\t<\/a>\n\t\t\t\t\t\t\t\t\t\t<a class=\"uabb-ss-grid-button-link\" href=\"https:\/\/www.facebook.com\/sharer.php?u=https%3A%2F%2Fbreastcancer.knowledgehub.wiley.com%2Fde%2Finfografiken%2F%3Ffl_builder\" target=\"_blank\" onclick=\"window.open(this.href,'social-share','left=20,top=20,width=500,height=500,toolbar=1,resizable=0');return false;\" rel=\"noopener\">\n\t\t\t\t\t\t\t\tFacebook\n\t\t\t\t\t\t\t\t\t\t<\/a>\n\t\t\t\t\t\t\t\t\t\t<a class=\"uabb-ss-grid-button-link\" href=\"https:\/\/twitter.com\/share?url=https%3A%2F%2Fbreastcancer.knowledgehub.wiley.com%2Fde%2Finfografiken%2F%3Ffl_builder\" target=\"_blank\" onclick=\"window.open(this.href,'social-share','left=20,top=20,width=500,height=500,toolbar=1,resizable=0');return false;\" rel=\"noopener\">\n\t\t\t\t\t\t\t\tTwitter\n\t\t\t\t\t\t\t\t\t\t<\/a>\n\t\t\t\t\t\t\t\t\t\t<a class=\"uabb-ss-grid-button-link\" href=\"https:\/\/www.linkedin.com\/shareArticle?url=https%3A%2F%2Fbreastcancer.knowledgehub.wiley.com%2Fde%2Finfografiken%2F%3Ffl_builder\" target=\"_blank\" onclick=\"window.open(this.href,'social-share','left=20,top=20,width=500,height=500,toolbar=1,resizable=0');return false;\" rel=\"noopener\">\n\t\t\t\t\t\t\t\tLinkedin\n\t\t\t\t\t\t\t\t\t\t<\/a>\n\n","protected":false},"excerpt":{"rendered":"<p>Infografiken &#8211; Brustkrebs Diese Infografiken enthalten die neuesten Informationen zu Brustkrebs im Fr\u00fchstadium und metastasiertem Brustkrebs f\u00fcr das gesamte multidisziplin\u00e4re Team. Infografiken bald verf\u00fcgbar&#8230; Xing Facebook Twitter Linkedin<\/p>\n","protected":false},"author":1,"featured_media":0,"parent":0,"menu_order":0,"comment_status":"closed","ping_status":"closed","template":"","meta":{"_acf_changed":false,"site-sidebar-layout":"default","site-content-layout":"page-builder","ast-site-content-layout":"full-width-container","site-content-style":"unboxed","site-sidebar-style":"unboxed","ast-global-header-display":"","ast-banner-title-visibility":"","ast-main-header-display":"","ast-hfb-above-header-display":"","ast-hfb-below-header-display":"","ast-hfb-mobile-header-display":"","site-post-title":"disabled","ast-breadcrumbs-content":"","ast-featured-img":"disabled","footer-sml-layout":"","ast-disable-related-posts":"","theme-transparent-header-meta":"default","adv-header-id-meta":"","stick-header-meta":"","header-above-stick-meta":"","header-main-stick-meta":"","header-below-stick-meta":"","astra-migrate-meta-layouts":"set","ast-page-background-enabled":"default","ast-page-background-meta":{"desktop":{"background-color":"","background-image":"","background-repeat":"repeat","background-position":"center center","background-size":"auto","background-attachment":"scroll","background-type":"","background-media":"","overlay-type":"","overlay-color":"","overlay-opacity":"","overlay-gradient":""},"tablet":{"background-color":"","background-image":"","background-repeat":"repeat","background-position":"center center","background-size":"auto","background-attachment":"scroll","background-type":"","background-media":"","overlay-type":"","overlay-color":"","overlay-opacity":"","overlay-gradient":""},"mobile":{"background-color":"","background-image":"","background-repeat":"repeat","background-position":"center center","background-size":"auto","background-attachment":"scroll","background-type":"","background-media":"","overlay-type":"","overlay-color":"","overlay-opacity":"","overlay-gradient":""}},"ast-content-background-meta":{"desktop":{"background-color":"var(--ast-global-color-5)","background-image":"","background-repeat":"repeat","background-position":"center center","background-size":"auto","background-attachment":"scroll","background-type":"","background-media":"","overlay-type":"","overlay-color":"","overlay-opacity":"","overlay-gradient":""},"tablet":{"background-color":"var(--ast-global-color-5)","background-image":"","background-repeat":"repeat","background-position":"center center","background-size":"auto","background-attachment":"scroll","background-type":"","background-media":"","overlay-type":"","overlay-color":"","overlay-opacity":"","overlay-gradient":""},"mobile":{"background-color":"var(--ast-global-color-5)","background-image":"","background-repeat":"repeat","background-position":"center center","background-size":"auto","background-attachment":"scroll","background-type":"","background-media":"","overlay-type":"","overlay-color":"","overlay-opacity":"","overlay-gradient":""}},"footnotes":""},"class_list":["post-28307","page","type-page","status-publish","hentry"],"acf":[],"yoast_head":"<!-- This site is optimized with the Yoast SEO plugin v27.1.1 - https:\/\/yoast.com\/product\/yoast-seo-wordpress\/ -->\n<title>Infografiken - Bildungsressourcen zum Thema Brustkrebs f\u00fcr medizinische Fachpersonen<\/title>\n<meta name=\"description\" content=\"Infografiken mit den neuesten Informationen zu Brustkrebs im Fr\u00fchstadium und metastasiertem Brustkrebs f\u00fcr das gesamte multidisziplin\u00e4re Team.\" \/>\n<meta name=\"robots\" content=\"index, follow, max-snippet:-1, max-image-preview:large, max-video-preview:-1\" \/>\n<link rel=\"canonical\" href=\"https:\/\/breastcancer.knowledgehub.wiley.com\/de\/infografiken\/\" \/>\n<meta property=\"og:locale\" content=\"de_DE\" \/>\n<meta property=\"og:type\" content=\"article\" \/>\n<meta property=\"og:title\" content=\"Infografiken - Bildungsressourcen zum Thema Brustkrebs f\u00fcr medizinische Fachpersonen\" \/>\n<meta property=\"og:description\" content=\"Infografiken mit den neuesten Informationen zu Brustkrebs im Fr\u00fchstadium und metastasiertem Brustkrebs f\u00fcr das gesamte multidisziplin\u00e4re Team.\" \/>\n<meta property=\"og:url\" content=\"https:\/\/breastcancer.knowledgehub.wiley.com\/de\/infografiken\/\" \/>\n<meta property=\"og:site_name\" content=\"Bildungsressourcen zum Thema Brustkrebs f\u00fcr medizinische Fachpersonen\" \/>\n<meta property=\"article:modified_time\" content=\"2024-03-14T14:09:48+00:00\" \/>\n<meta name=\"twitter:card\" content=\"summary_large_image\" \/>\n<meta name=\"twitter:label1\" content=\"Est. reading time\" \/>\n\t<meta name=\"twitter:data1\" content=\"1 minute\" \/>\n<script type=\"application\/ld+json\" class=\"yoast-schema-graph\">{\"@context\":\"https:\/\/schema.org\",\"@graph\":[{\"@type\":\"WebPage\",\"@id\":\"https:\/\/breastcancer.knowledgehub.wiley.com\/de\/infografiken\/\",\"url\":\"https:\/\/breastcancer.knowledgehub.wiley.com\/de\/infografiken\/\",\"name\":\"Infografiken - Bildungsressourcen zum Thema Brustkrebs f\u00fcr medizinische Fachpersonen\",\"isPartOf\":{\"@id\":\"https:\/\/breastcancer.knowledgehub.wiley.com\/de\/#website\"},\"datePublished\":\"2021-11-04T14:33:02+00:00\",\"dateModified\":\"2024-03-14T14:09:48+00:00\",\"description\":\"Infografiken mit den neuesten Informationen zu Brustkrebs im Fr\u00fchstadium und metastasiertem Brustkrebs f\u00fcr das gesamte multidisziplin\u00e4re Team.\",\"breadcrumb\":{\"@id\":\"https:\/\/breastcancer.knowledgehub.wiley.com\/de\/infografiken\/#breadcrumb\"},\"inLanguage\":\"de-DE\",\"potentialAction\":[{\"@type\":\"ReadAction\",\"target\":[\"https:\/\/breastcancer.knowledgehub.wiley.com\/de\/infografiken\/\"]}]},{\"@type\":\"BreadcrumbList\",\"@id\":\"https:\/\/breastcancer.knowledgehub.wiley.com\/de\/infografiken\/#breadcrumb\",\"itemListElement\":[{\"@type\":\"ListItem\",\"position\":1,\"name\":\"Home\",\"item\":\"https:\/\/breastcancer.knowledgehub.wiley.com\/de\/\"},{\"@type\":\"ListItem\",\"position\":2,\"name\":\"Infografiken\"}]},{\"@type\":\"WebSite\",\"@id\":\"https:\/\/breastcancer.knowledgehub.wiley.com\/de\/#website\",\"url\":\"https:\/\/breastcancer.knowledgehub.wiley.com\/de\/\",\"name\":\"Bildungsressourcen zum Thema Brustkrebs f\u00fcr medizinische Fachpersonen\",\"description\":\"Breast Cancer focused knowledge hub of resources, webinars, latest research and clinical updates for health care professionals who are treating patients living with Breast Cancer\",\"publisher\":{\"@id\":\"https:\/\/breastcancer.knowledgehub.wiley.com\/de\/#organization\"},\"potentialAction\":[{\"@type\":\"SearchAction\",\"target\":{\"@type\":\"EntryPoint\",\"urlTemplate\":\"https:\/\/breastcancer.knowledgehub.wiley.com\/de\/?s={search_term_string}\"},\"query-input\":{\"@type\":\"PropertyValueSpecification\",\"valueRequired\":true,\"valueName\":\"search_term_string\"}}],\"inLanguage\":\"de-DE\"},{\"@type\":\"Organization\",\"@id\":\"https:\/\/breastcancer.knowledgehub.wiley.com\/de\/#organization\",\"name\":\"Wiley\",\"url\":\"https:\/\/breastcancer.knowledgehub.wiley.com\/de\/\",\"logo\":{\"@type\":\"ImageObject\",\"inLanguage\":\"de-DE\",\"@id\":\"https:\/\/breastcancer.knowledgehub.wiley.com\/de\/#\/schema\/logo\/image\/\",\"url\":\"https:\/\/breastcancer.knowledgehub.wiley.com\/wp-content\/uploads\/2023\/02\/Wiley_Logo.jpg\",\"contentUrl\":\"https:\/\/breastcancer.knowledgehub.wiley.com\/wp-content\/uploads\/2023\/02\/Wiley_Logo.jpg\",\"width\":696,\"height\":696,\"caption\":\"Wiley\"},\"image\":{\"@id\":\"https:\/\/breastcancer.knowledgehub.wiley.com\/de\/#\/schema\/logo\/image\/\"}}]}<\/script>\n<!-- \/ Yoast SEO plugin. -->","yoast_head_json":{"title":"Infografiken - Bildungsressourcen zum Thema Brustkrebs f\u00fcr medizinische Fachpersonen","description":"Infografiken mit den neuesten Informationen zu Brustkrebs im Fr\u00fchstadium und metastasiertem Brustkrebs f\u00fcr das gesamte multidisziplin\u00e4re Team.","robots":{"index":"index","follow":"follow","max-snippet":"max-snippet:-1","max-image-preview":"max-image-preview:large","max-video-preview":"max-video-preview:-1"},"canonical":"https:\/\/breastcancer.knowledgehub.wiley.com\/de\/infografiken\/","og_locale":"de_DE","og_type":"article","og_title":"Infografiken - Bildungsressourcen zum Thema Brustkrebs f\u00fcr medizinische Fachpersonen","og_description":"Infografiken mit den neuesten Informationen zu Brustkrebs im Fr\u00fchstadium und metastasiertem Brustkrebs f\u00fcr das gesamte multidisziplin\u00e4re Team.","og_url":"https:\/\/breastcancer.knowledgehub.wiley.com\/de\/infografiken\/","og_site_name":"Bildungsressourcen zum Thema Brustkrebs f\u00fcr medizinische Fachpersonen","article_modified_time":"2024-03-14T14:09:48+00:00","twitter_card":"summary_large_image","twitter_misc":{"Est. reading time":"1 minute"},"schema":{"@context":"https:\/\/schema.org","@graph":[{"@type":"WebPage","@id":"https:\/\/breastcancer.knowledgehub.wiley.com\/de\/infografiken\/","url":"https:\/\/breastcancer.knowledgehub.wiley.com\/de\/infografiken\/","name":"Infografiken - Bildungsressourcen zum Thema Brustkrebs f\u00fcr medizinische Fachpersonen","isPartOf":{"@id":"https:\/\/breastcancer.knowledgehub.wiley.com\/de\/#website"},"datePublished":"2021-11-04T14:33:02+00:00","dateModified":"2024-03-14T14:09:48+00:00","description":"Infografiken mit den neuesten Informationen zu Brustkrebs im Fr\u00fchstadium und metastasiertem Brustkrebs f\u00fcr das gesamte multidisziplin\u00e4re Team.","breadcrumb":{"@id":"https:\/\/breastcancer.knowledgehub.wiley.com\/de\/infografiken\/#breadcrumb"},"inLanguage":"de-DE","potentialAction":[{"@type":"ReadAction","target":["https:\/\/breastcancer.knowledgehub.wiley.com\/de\/infografiken\/"]}]},{"@type":"BreadcrumbList","@id":"https:\/\/breastcancer.knowledgehub.wiley.com\/de\/infografiken\/#breadcrumb","itemListElement":[{"@type":"ListItem","position":1,"name":"Home","item":"https:\/\/breastcancer.knowledgehub.wiley.com\/de\/"},{"@type":"ListItem","position":2,"name":"Infografiken"}]},{"@type":"WebSite","@id":"https:\/\/breastcancer.knowledgehub.wiley.com\/de\/#website","url":"https:\/\/breastcancer.knowledgehub.wiley.com\/de\/","name":"Bildungsressourcen zum Thema Brustkrebs f\u00fcr medizinische Fachpersonen","description":"Breast Cancer focused knowledge hub of resources, webinars, latest research and clinical updates for health care professionals who are treating patients living with Breast Cancer","publisher":{"@id":"https:\/\/breastcancer.knowledgehub.wiley.com\/de\/#organization"},"potentialAction":[{"@type":"SearchAction","target":{"@type":"EntryPoint","urlTemplate":"https:\/\/breastcancer.knowledgehub.wiley.com\/de\/?s={search_term_string}"},"query-input":{"@type":"PropertyValueSpecification","valueRequired":true,"valueName":"search_term_string"}}],"inLanguage":"de-DE"},{"@type":"Organization","@id":"https:\/\/breastcancer.knowledgehub.wiley.com\/de\/#organization","name":"Wiley","url":"https:\/\/breastcancer.knowledgehub.wiley.com\/de\/","logo":{"@type":"ImageObject","inLanguage":"de-DE","@id":"https:\/\/breastcancer.knowledgehub.wiley.com\/de\/#\/schema\/logo\/image\/","url":"https:\/\/breastcancer.knowledgehub.wiley.com\/wp-content\/uploads\/2023\/02\/Wiley_Logo.jpg","contentUrl":"https:\/\/breastcancer.knowledgehub.wiley.com\/wp-content\/uploads\/2023\/02\/Wiley_Logo.jpg","width":696,"height":696,"caption":"Wiley"},"image":{"@id":"https:\/\/breastcancer.knowledgehub.wiley.com\/de\/#\/schema\/logo\/image\/"}}]}},"_links":{"self":[{"href":"https:\/\/breastcancer.knowledgehub.wiley.com\/de\/wp-json\/wp\/v2\/pages\/28307","targetHints":{"allow":["GET"]}}],"collection":[{"href":"https:\/\/breastcancer.knowledgehub.wiley.com\/de\/wp-json\/wp\/v2\/pages"}],"about":[{"href":"https:\/\/breastcancer.knowledgehub.wiley.com\/de\/wp-json\/wp\/v2\/types\/page"}],"author":[{"embeddable":true,"href":"https:\/\/breastcancer.knowledgehub.wiley.com\/de\/wp-json\/wp\/v2\/users\/1"}],"replies":[{"embeddable":true,"href":"https:\/\/breastcancer.knowledgehub.wiley.com\/de\/wp-json\/wp\/v2\/comments?post=28307"}],"version-history":[{"count":4,"href":"https:\/\/breastcancer.knowledgehub.wiley.com\/de\/wp-json\/wp\/v2\/pages\/28307\/revisions"}],"predecessor-version":[{"id":29358,"href":"https:\/\/breastcancer.knowledgehub.wiley.com\/de\/wp-json\/wp\/v2\/pages\/28307\/revisions\/29358"}],"wp:attachment":[{"href":"https:\/\/breastcancer.knowledgehub.wiley.com\/de\/wp-json\/wp\/v2\/media?parent=28307"}],"curies":[{"name":"wp","href":"https:\/\/api.w.org\/{rel}","templated":true}]}}