{"id":28303,"date":"2021-11-04T14:26:51","date_gmt":"2021-11-04T14:26:51","guid":{"rendered":"https:\/\/breastcancer.knowledgehub.wiley.com\/webinare\/"},"modified":"2024-04-24T10:19:09","modified_gmt":"2024-04-24T09:19:09","slug":"webinare","status":"publish","type":"page","link":"https:\/\/breastcancer.knowledgehub.wiley.com\/de\/webinare\/","title":{"rendered":"Webinare"},"content":{"rendered":"\n<h1>\n\t\tWebinare &#8211; Brustkrebs\n\t<\/h1>\n\tMit diesen Webinaren haben medizinische Fachpersonen die M\u00f6glichkeit, sich \u00fcber die derzeitigen Therapien f\u00fcr die sichere und wirksame Behandlung von Patientinnen mit Brustkrebs im Fr\u00fchstadium oder metastasiertem Brustkrebs zu informieren.<br \/>\nDie Referenten des Webinars sind f\u00fchrende Experten und die Webinare sind CME-akkreditiert.\n\t\t\t\t\t\t\t\t\t\t\t\t\t\t<a href=\"https:\/\/breastcancer.knowledgehub.wiley.com\/de\/webinare\/klinisches-potenzial-von-cdk4-6-inhibitoren-bei-brustkrebs-teil-2\/\" target=\"_self\" title=\"Klinisches Potenzial von CDK4\/6-Inhibitoren bei Brustkrebs (Teil 2)\" rel=\"noopener\">\n\t\t\t\t<img decoding=\"async\" src=\"https:\/\/breastcancer.knowledgehub.wiley.com\/wp-content\/uploads\/2024\/04\/Webinar-3-Germany.jpg\" alt=\"Webinar\" \/>\n\t\t\t\t<\/a>\n\t\t\t\t\t\t<h3>\n\t\t\t\t<a href=https:\/\/breastcancer.knowledgehub.wiley.com\/de\/webinare\/klinisches-potenzial-von-cdk4-6-inhibitoren-bei-brustkrebs-teil-2\/ title=\"Klinisches Potenzial von CDK4\/6-Inhibitoren bei Brustkrebs (Teil 2)\" tabindex=\"0\">Klinisches Potenzial von CDK4\/6-Inhibitoren bei Brustkrebs (Teil 2)<\/a>\t\t\t<\/h3>\n\t\t\t\t\t\u2022 Erworbene Resistenz gegen CDK4\/6-Inhibitoren und was kann besser gemacht werden?<br \/>\n\u2022 Toxizit\u00e4ten der Arzneimittel, Nebenwirkungen und die Auswirkungen auf die Lebensqualit\u00e4t der Patienten, wenn diese sich an die Therapiepl\u00e4ne halten\n\t\t\t<a href=\"https:\/\/breastcancer.knowledgehub.wiley.com\/de\/webinare\/klinisches-potenzial-von-cdk4-6-inhibitoren-bei-brustkrebs-teil-2\/\" target=\"_self\" role=\"button\" aria-label=\"WEBINARE ANSCHAUEN\" rel=\"noopener\">\n\t\t\t\t\t\t\tWEBINARE ANSCHAUEN\n\t\t<\/a>\n\t\t\t\t\t\t\t\t\t\t\t\t\t\t<a href=\"https:\/\/breastcancer.knowledgehub.wiley.com\/de\/webinare\/klinisches-potenzial-von-cdk4-6-inhibitoren-bei-brustkrebs-teil-1\/\" target=\"_self\" title=\"Klinisches Potenzial von CDK4\/6-Inhibitoren bei Brustkrebs (Teil 1)\" rel=\"noopener\">\n\t\t\t\t<img decoding=\"async\" src=\"https:\/\/breastcancer.knowledgehub.wiley.com\/wp-content\/uploads\/2024\/02\/Webinar-2-Germany-FI.png\" alt=\"\" \/>\n\t\t\t\t<\/a>\n\t\t\t\t\t\t<h3>\n\t\t\t\t<a href=https:\/\/breastcancer.knowledgehub.wiley.com\/de\/webinare\/klinisches-potenzial-von-cdk4-6-inhibitoren-bei-brustkrebs-teil-1\/ title=\"Klinisches Potenzial von CDK4\/6-Inhibitoren bei Brustkrebs (Teil 1)\" tabindex=\"0\">Klinisches Potenzial von CDK4\/6-Inhibitoren bei Brustkrebs (Teil 1)<\/a>\t\t\t<\/h3>\n\t\t\t\t\t\u2022 Wirkmechanismus von CDK4\/6-Inhibitoren und die komplexen Effekte in Mammakarzinomen\/Ver\u00e4nderung der Tumorbiologie<br \/>\n\u2022 Ein \u00dcberblick dar\u00fcber, wie die Wirksamkeiten durch neuartige therapeutische Kombinationen verst\u00e4rkt werden k\u00f6nnen\n\t\t\t<a href=\"https:\/\/breastcancer.knowledgehub.wiley.com\/de\/webinare\/klinisches-potenzial-von-cdk4-6-inhibitoren-bei-brustkrebs-teil-1\/\" target=\"_self\" role=\"button\" aria-label=\"WEBINARE ANSCHAUEN\" rel=\"noopener\">\n\t\t\t\t\t\t\tWEBINARE ANSCHAUEN\n\t\t<\/a>\n\t\t\t\t\t\t\t\t\t\t\t\t\t\t<a href=\"https:\/\/breastcancer.knowledgehub.wiley.com\/de\/webinare\/die-rolle-von-cdk4-6-inhibitoren-fuer-das-invasiv-krankheitsfreie-ueberleben-von-brustkrebspatientinnen\/\" target=\"_self\" title=\"Die Rolle von CDK4\/6-Inhibitoren f\u00fcr das invasiv-krankheitsfreie \u00dcberleben von Brustkrebspatientinnen\" rel=\"noopener\">\n\t\t\t\t<img decoding=\"async\" src=\"https:\/\/breastcancer.knowledgehub.wiley.com\/wp-content\/uploads\/2023\/12\/Webinar-1-German.jpg\" alt=\"\" \/>\n\t\t\t\t<\/a>\n\t\t\t\t\t\t<h3>\n\t\t\t\t<a href=https:\/\/breastcancer.knowledgehub.wiley.com\/de\/webinare\/die-rolle-von-cdk4-6-inhibitoren-fuer-das-invasiv-krankheitsfreie-ueberleben-von-brustkrebspatientinnen\/ title=\"Die Rolle von CDK4\/6-Inhibitoren f\u00fcr das invasiv-krankheitsfreie \u00dcberleben von Brustkrebspatientinnen\" tabindex=\"0\">Die Rolle von CDK4\/6-Inhibitoren f\u00fcr das invasiv-krankheitsfreie \u00dcberleben von Brustkrebspatientinnen<\/a>\t\t\t<\/h3>\n\t\t\t\t\t\u2022 Diagnose und Behandlung von Brustkrebs im Fr\u00fchstadium bei Patientinnen mit hohem RisikoF<br \/>\n\u2022 Fokus liegt dabei auf den neuesten Daten aus klinischen Pr\u00fcfungen und den l\u00e4nderspezifischen Unterschieden in den Diagnose- und Behandlungsstrategien\n\t\t\t<a href=\"https:\/\/breastcancer.knowledgehub.wiley.com\/de\/webinare\/die-rolle-von-cdk4-6-inhibitoren-fuer-das-invasiv-krankheitsfreie-ueberleben-von-brustkrebspatientinnen\/\" target=\"_self\" role=\"button\" aria-label=\"WEBINARE ANSCHAUEN\" rel=\"noopener\">\n\t\t\t\t\t\t\tWEBINARE ANSCHAUEN\n\t\t<\/a>\n\t\t\t\t\t\t\t\t\t\t<a class=\"uabb-ss-grid-button-link\" href=\"https:\/\/www.xing.com\/app\/user?op=share&#038;url=https%3A%2F%2Fbreastcancer.knowledgehub.wiley.com%2Fde%2Fwebinare%2F%3Ffl_builder\" target=\"_blank\" onclick=\"window.open(this.href,'social-share','left=20,top=20,width=500,height=500,toolbar=1,resizable=0');return false;\" rel=\"noopener\">\n\t\t\t\t\t\t\t\tXing\n\t\t\t\t\t\t\t\t\t\t<\/a>\n\t\t\t\t\t\t\t\t\t\t<a class=\"uabb-ss-grid-button-link\" href=\"https:\/\/www.facebook.com\/sharer.php?u=https%3A%2F%2Fbreastcancer.knowledgehub.wiley.com%2Fde%2Fwebinare%2F%3Ffl_builder\" target=\"_blank\" onclick=\"window.open(this.href,'social-share','left=20,top=20,width=500,height=500,toolbar=1,resizable=0');return false;\" rel=\"noopener\">\n\t\t\t\t\t\t\t\tFacebook\n\t\t\t\t\t\t\t\t\t\t<\/a>\n\t\t\t\t\t\t\t\t\t\t<a class=\"uabb-ss-grid-button-link\" href=\"https:\/\/twitter.com\/share?url=https%3A%2F%2Fbreastcancer.knowledgehub.wiley.com%2Fde%2Fwebinare%2F%3Ffl_builder\" target=\"_blank\" onclick=\"window.open(this.href,'social-share','left=20,top=20,width=500,height=500,toolbar=1,resizable=0');return false;\" rel=\"noopener\">\n\t\t\t\t\t\t\t\tTwitter\n\t\t\t\t\t\t\t\t\t\t<\/a>\n\t\t\t\t\t\t\t\t\t\t<a class=\"uabb-ss-grid-button-link\" href=\"https:\/\/www.linkedin.com\/shareArticle?url=https%3A%2F%2Fbreastcancer.knowledgehub.wiley.com%2Fde%2Fwebinare%2F%3Ffl_builder\" target=\"_blank\" onclick=\"window.open(this.href,'social-share','left=20,top=20,width=500,height=500,toolbar=1,resizable=0');return false;\" rel=\"noopener\">\n\t\t\t\t\t\t\t\tLinkedin\n\t\t\t\t\t\t\t\t\t\t<\/a>\n\n","protected":false},"excerpt":{"rendered":"<p>Webinare &#8211; Brustkrebs Mit diesen Webinaren haben medizinische Fachpersonen die M\u00f6glichkeit, sich \u00fcber die derzeitigen Therapien f\u00fcr die sichere und wirksame Behandlung von Patientinnen mit Brustkrebs im Fr\u00fchstadium oder metastasiertem Brustkrebs zu informieren. Die Referenten des Webinars sind f\u00fchrende Experten und die Webinare sind CME-akkreditiert. Klinisches Potenzial von CDK4\/6-Inhibitoren bei Brustkrebs (Teil 2) \u2022 Erworbene [&hellip;]<\/p>\n","protected":false},"author":1,"featured_media":0,"parent":0,"menu_order":0,"comment_status":"closed","ping_status":"closed","template":"","meta":{"_acf_changed":false,"site-sidebar-layout":"default","site-content-layout":"page-builder","ast-site-content-layout":"full-width-container","site-content-style":"unboxed","site-sidebar-style":"unboxed","ast-global-header-display":"","ast-banner-title-visibility":"","ast-main-header-display":"","ast-hfb-above-header-display":"","ast-hfb-below-header-display":"","ast-hfb-mobile-header-display":"","site-post-title":"disabled","ast-breadcrumbs-content":"","ast-featured-img":"disabled","footer-sml-layout":"","ast-disable-related-posts":"","theme-transparent-header-meta":"default","adv-header-id-meta":"","stick-header-meta":"","header-above-stick-meta":"","header-main-stick-meta":"","header-below-stick-meta":"","astra-migrate-meta-layouts":"set","ast-page-background-enabled":"default","ast-page-background-meta":{"desktop":{"background-color":"","background-image":"","background-repeat":"repeat","background-position":"center center","background-size":"auto","background-attachment":"scroll","background-type":"","background-media":"","overlay-type":"","overlay-color":"","overlay-opacity":"","overlay-gradient":""},"tablet":{"background-color":"","background-image":"","background-repeat":"repeat","background-position":"center center","background-size":"auto","background-attachment":"scroll","background-type":"","background-media":"","overlay-type":"","overlay-color":"","overlay-opacity":"","overlay-gradient":""},"mobile":{"background-color":"","background-image":"","background-repeat":"repeat","background-position":"center center","background-size":"auto","background-attachment":"scroll","background-type":"","background-media":"","overlay-type":"","overlay-color":"","overlay-opacity":"","overlay-gradient":""}},"ast-content-background-meta":{"desktop":{"background-color":"var(--ast-global-color-5)","background-image":"","background-repeat":"repeat","background-position":"center center","background-size":"auto","background-attachment":"scroll","background-type":"","background-media":"","overlay-type":"","overlay-color":"","overlay-opacity":"","overlay-gradient":""},"tablet":{"background-color":"var(--ast-global-color-5)","background-image":"","background-repeat":"repeat","background-position":"center center","background-size":"auto","background-attachment":"scroll","background-type":"","background-media":"","overlay-type":"","overlay-color":"","overlay-opacity":"","overlay-gradient":""},"mobile":{"background-color":"var(--ast-global-color-5)","background-image":"","background-repeat":"repeat","background-position":"center center","background-size":"auto","background-attachment":"scroll","background-type":"","background-media":"","overlay-type":"","overlay-color":"","overlay-opacity":"","overlay-gradient":""}},"footnotes":""},"class_list":["post-28303","page","type-page","status-publish","hentry"],"acf":[],"yoast_head":"<!-- This site is optimized with the Yoast SEO plugin v27.1.1 - https:\/\/yoast.com\/product\/yoast-seo-wordpress\/ -->\n<title>Webinare - Bildungsressourcen zum Thema Brustkrebs f\u00fcr medizinische Fachpersonen<\/title>\n<meta name=\"description\" content=\"Webinare zu Therapien f\u00fcr die sichere und wirksame Behandlung von Brustkrebs im Fr\u00fchstadium und metastasiertem Brustkrebs.\" \/>\n<meta name=\"robots\" content=\"index, follow, max-snippet:-1, max-image-preview:large, max-video-preview:-1\" \/>\n<link rel=\"canonical\" href=\"https:\/\/breastcancer.knowledgehub.wiley.com\/de\/webinare\/\" \/>\n<meta property=\"og:locale\" content=\"de_DE\" \/>\n<meta property=\"og:type\" content=\"article\" \/>\n<meta property=\"og:title\" content=\"Webinare - Bildungsressourcen zum Thema Brustkrebs f\u00fcr medizinische Fachpersonen\" \/>\n<meta property=\"og:description\" content=\"Webinare zu Therapien f\u00fcr die sichere und wirksame Behandlung von Brustkrebs im Fr\u00fchstadium und metastasiertem Brustkrebs.\" \/>\n<meta property=\"og:url\" content=\"https:\/\/breastcancer.knowledgehub.wiley.com\/de\/webinare\/\" \/>\n<meta property=\"og:site_name\" content=\"Bildungsressourcen zum Thema Brustkrebs f\u00fcr medizinische Fachpersonen\" \/>\n<meta property=\"article:modified_time\" content=\"2024-04-24T09:19:09+00:00\" \/>\n<meta property=\"og:image\" content=\"https:\/\/breastcancer.knowledgehub.wiley.com\/wp-content\/uploads\/2024\/04\/Webinar-3-Germany.jpg\" \/>\n<meta name=\"twitter:card\" content=\"summary_large_image\" \/>\n<script type=\"application\/ld+json\" class=\"yoast-schema-graph\">{\"@context\":\"https:\/\/schema.org\",\"@graph\":[{\"@type\":\"WebPage\",\"@id\":\"https:\/\/breastcancer.knowledgehub.wiley.com\/de\/webinare\/\",\"url\":\"https:\/\/breastcancer.knowledgehub.wiley.com\/de\/webinare\/\",\"name\":\"Webinare - Bildungsressourcen zum Thema Brustkrebs f\u00fcr medizinische Fachpersonen\",\"isPartOf\":{\"@id\":\"https:\/\/breastcancer.knowledgehub.wiley.com\/de\/#website\"},\"primaryImageOfPage\":{\"@id\":\"https:\/\/breastcancer.knowledgehub.wiley.com\/de\/webinare\/#primaryimage\"},\"image\":{\"@id\":\"https:\/\/breastcancer.knowledgehub.wiley.com\/de\/webinare\/#primaryimage\"},\"thumbnailUrl\":\"https:\/\/breastcancer.knowledgehub.wiley.com\/wp-content\/uploads\/2024\/04\/Webinar-3-Germany.jpg\",\"datePublished\":\"2021-11-04T14:26:51+00:00\",\"dateModified\":\"2024-04-24T09:19:09+00:00\",\"description\":\"Webinare zu Therapien f\u00fcr die sichere und wirksame Behandlung von Brustkrebs im Fr\u00fchstadium und metastasiertem Brustkrebs.\",\"breadcrumb\":{\"@id\":\"https:\/\/breastcancer.knowledgehub.wiley.com\/de\/webinare\/#breadcrumb\"},\"inLanguage\":\"de-DE\",\"potentialAction\":[{\"@type\":\"ReadAction\",\"target\":[\"https:\/\/breastcancer.knowledgehub.wiley.com\/de\/webinare\/\"]}]},{\"@type\":\"ImageObject\",\"inLanguage\":\"de-DE\",\"@id\":\"https:\/\/breastcancer.knowledgehub.wiley.com\/de\/webinare\/#primaryimage\",\"url\":\"https:\/\/breastcancer.knowledgehub.wiley.com\/wp-content\/uploads\/2024\/04\/Webinar-3-Germany.jpg\",\"contentUrl\":\"https:\/\/breastcancer.knowledgehub.wiley.com\/wp-content\/uploads\/2024\/04\/Webinar-3-Germany.jpg\"},{\"@type\":\"BreadcrumbList\",\"@id\":\"https:\/\/breastcancer.knowledgehub.wiley.com\/de\/webinare\/#breadcrumb\",\"itemListElement\":[{\"@type\":\"ListItem\",\"position\":1,\"name\":\"Home\",\"item\":\"https:\/\/breastcancer.knowledgehub.wiley.com\/de\/\"},{\"@type\":\"ListItem\",\"position\":2,\"name\":\"Webinare\"}]},{\"@type\":\"WebSite\",\"@id\":\"https:\/\/breastcancer.knowledgehub.wiley.com\/de\/#website\",\"url\":\"https:\/\/breastcancer.knowledgehub.wiley.com\/de\/\",\"name\":\"Bildungsressourcen zum Thema Brustkrebs f\u00fcr medizinische Fachpersonen\",\"description\":\"Breast Cancer focused knowledge hub of resources, webinars, latest research and clinical updates for health care professionals who are treating patients living with Breast Cancer\",\"publisher\":{\"@id\":\"https:\/\/breastcancer.knowledgehub.wiley.com\/de\/#organization\"},\"potentialAction\":[{\"@type\":\"SearchAction\",\"target\":{\"@type\":\"EntryPoint\",\"urlTemplate\":\"https:\/\/breastcancer.knowledgehub.wiley.com\/de\/?s={search_term_string}\"},\"query-input\":{\"@type\":\"PropertyValueSpecification\",\"valueRequired\":true,\"valueName\":\"search_term_string\"}}],\"inLanguage\":\"de-DE\"},{\"@type\":\"Organization\",\"@id\":\"https:\/\/breastcancer.knowledgehub.wiley.com\/de\/#organization\",\"name\":\"Wiley\",\"url\":\"https:\/\/breastcancer.knowledgehub.wiley.com\/de\/\",\"logo\":{\"@type\":\"ImageObject\",\"inLanguage\":\"de-DE\",\"@id\":\"https:\/\/breastcancer.knowledgehub.wiley.com\/de\/#\/schema\/logo\/image\/\",\"url\":\"https:\/\/breastcancer.knowledgehub.wiley.com\/wp-content\/uploads\/2023\/02\/Wiley_Logo.jpg\",\"contentUrl\":\"https:\/\/breastcancer.knowledgehub.wiley.com\/wp-content\/uploads\/2023\/02\/Wiley_Logo.jpg\",\"width\":696,\"height\":696,\"caption\":\"Wiley\"},\"image\":{\"@id\":\"https:\/\/breastcancer.knowledgehub.wiley.com\/de\/#\/schema\/logo\/image\/\"}}]}<\/script>\n<!-- \/ Yoast SEO plugin. -->","yoast_head_json":{"title":"Webinare - Bildungsressourcen zum Thema Brustkrebs f\u00fcr medizinische Fachpersonen","description":"Webinare zu Therapien f\u00fcr die sichere und wirksame Behandlung von Brustkrebs im Fr\u00fchstadium und metastasiertem Brustkrebs.","robots":{"index":"index","follow":"follow","max-snippet":"max-snippet:-1","max-image-preview":"max-image-preview:large","max-video-preview":"max-video-preview:-1"},"canonical":"https:\/\/breastcancer.knowledgehub.wiley.com\/de\/webinare\/","og_locale":"de_DE","og_type":"article","og_title":"Webinare - Bildungsressourcen zum Thema Brustkrebs f\u00fcr medizinische Fachpersonen","og_description":"Webinare zu Therapien f\u00fcr die sichere und wirksame Behandlung von Brustkrebs im Fr\u00fchstadium und metastasiertem Brustkrebs.","og_url":"https:\/\/breastcancer.knowledgehub.wiley.com\/de\/webinare\/","og_site_name":"Bildungsressourcen zum Thema Brustkrebs f\u00fcr medizinische Fachpersonen","article_modified_time":"2024-04-24T09:19:09+00:00","og_image":[{"url":"https:\/\/breastcancer.knowledgehub.wiley.com\/wp-content\/uploads\/2024\/04\/Webinar-3-Germany.jpg","type":"","width":"","height":""}],"twitter_card":"summary_large_image","schema":{"@context":"https:\/\/schema.org","@graph":[{"@type":"WebPage","@id":"https:\/\/breastcancer.knowledgehub.wiley.com\/de\/webinare\/","url":"https:\/\/breastcancer.knowledgehub.wiley.com\/de\/webinare\/","name":"Webinare - Bildungsressourcen zum Thema Brustkrebs f\u00fcr medizinische Fachpersonen","isPartOf":{"@id":"https:\/\/breastcancer.knowledgehub.wiley.com\/de\/#website"},"primaryImageOfPage":{"@id":"https:\/\/breastcancer.knowledgehub.wiley.com\/de\/webinare\/#primaryimage"},"image":{"@id":"https:\/\/breastcancer.knowledgehub.wiley.com\/de\/webinare\/#primaryimage"},"thumbnailUrl":"https:\/\/breastcancer.knowledgehub.wiley.com\/wp-content\/uploads\/2024\/04\/Webinar-3-Germany.jpg","datePublished":"2021-11-04T14:26:51+00:00","dateModified":"2024-04-24T09:19:09+00:00","description":"Webinare zu Therapien f\u00fcr die sichere und wirksame Behandlung von Brustkrebs im Fr\u00fchstadium und metastasiertem Brustkrebs.","breadcrumb":{"@id":"https:\/\/breastcancer.knowledgehub.wiley.com\/de\/webinare\/#breadcrumb"},"inLanguage":"de-DE","potentialAction":[{"@type":"ReadAction","target":["https:\/\/breastcancer.knowledgehub.wiley.com\/de\/webinare\/"]}]},{"@type":"ImageObject","inLanguage":"de-DE","@id":"https:\/\/breastcancer.knowledgehub.wiley.com\/de\/webinare\/#primaryimage","url":"https:\/\/breastcancer.knowledgehub.wiley.com\/wp-content\/uploads\/2024\/04\/Webinar-3-Germany.jpg","contentUrl":"https:\/\/breastcancer.knowledgehub.wiley.com\/wp-content\/uploads\/2024\/04\/Webinar-3-Germany.jpg"},{"@type":"BreadcrumbList","@id":"https:\/\/breastcancer.knowledgehub.wiley.com\/de\/webinare\/#breadcrumb","itemListElement":[{"@type":"ListItem","position":1,"name":"Home","item":"https:\/\/breastcancer.knowledgehub.wiley.com\/de\/"},{"@type":"ListItem","position":2,"name":"Webinare"}]},{"@type":"WebSite","@id":"https:\/\/breastcancer.knowledgehub.wiley.com\/de\/#website","url":"https:\/\/breastcancer.knowledgehub.wiley.com\/de\/","name":"Bildungsressourcen zum Thema Brustkrebs f\u00fcr medizinische Fachpersonen","description":"Breast Cancer focused knowledge hub of resources, webinars, latest research and clinical updates for health care professionals who are treating patients living with Breast Cancer","publisher":{"@id":"https:\/\/breastcancer.knowledgehub.wiley.com\/de\/#organization"},"potentialAction":[{"@type":"SearchAction","target":{"@type":"EntryPoint","urlTemplate":"https:\/\/breastcancer.knowledgehub.wiley.com\/de\/?s={search_term_string}"},"query-input":{"@type":"PropertyValueSpecification","valueRequired":true,"valueName":"search_term_string"}}],"inLanguage":"de-DE"},{"@type":"Organization","@id":"https:\/\/breastcancer.knowledgehub.wiley.com\/de\/#organization","name":"Wiley","url":"https:\/\/breastcancer.knowledgehub.wiley.com\/de\/","logo":{"@type":"ImageObject","inLanguage":"de-DE","@id":"https:\/\/breastcancer.knowledgehub.wiley.com\/de\/#\/schema\/logo\/image\/","url":"https:\/\/breastcancer.knowledgehub.wiley.com\/wp-content\/uploads\/2023\/02\/Wiley_Logo.jpg","contentUrl":"https:\/\/breastcancer.knowledgehub.wiley.com\/wp-content\/uploads\/2023\/02\/Wiley_Logo.jpg","width":696,"height":696,"caption":"Wiley"},"image":{"@id":"https:\/\/breastcancer.knowledgehub.wiley.com\/de\/#\/schema\/logo\/image\/"}}]}},"_links":{"self":[{"href":"https:\/\/breastcancer.knowledgehub.wiley.com\/de\/wp-json\/wp\/v2\/pages\/28303","targetHints":{"allow":["GET"]}}],"collection":[{"href":"https:\/\/breastcancer.knowledgehub.wiley.com\/de\/wp-json\/wp\/v2\/pages"}],"about":[{"href":"https:\/\/breastcancer.knowledgehub.wiley.com\/de\/wp-json\/wp\/v2\/types\/page"}],"author":[{"embeddable":true,"href":"https:\/\/breastcancer.knowledgehub.wiley.com\/de\/wp-json\/wp\/v2\/users\/1"}],"replies":[{"embeddable":true,"href":"https:\/\/breastcancer.knowledgehub.wiley.com\/de\/wp-json\/wp\/v2\/comments?post=28303"}],"version-history":[{"count":4,"href":"https:\/\/breastcancer.knowledgehub.wiley.com\/de\/wp-json\/wp\/v2\/pages\/28303\/revisions"}],"predecessor-version":[{"id":29396,"href":"https:\/\/breastcancer.knowledgehub.wiley.com\/de\/wp-json\/wp\/v2\/pages\/28303\/revisions\/29396"}],"wp:attachment":[{"href":"https:\/\/breastcancer.knowledgehub.wiley.com\/de\/wp-json\/wp\/v2\/media?parent=28303"}],"curies":[{"name":"wp","href":"https:\/\/api.w.org\/{rel}","templated":true}]}}