{"id":28302,"date":"2023-05-15T14:04:30","date_gmt":"2023-05-15T13:04:30","guid":{"rendered":"https:\/\/breastcancer.knowledgehub.wiley.com\/heim\/"},"modified":"2025-04-02T16:05:09","modified_gmt":"2025-04-02T15:05:09","slug":"home","status":"publish","type":"page","link":"https:\/\/breastcancer.knowledgehub.wiley.com\/de\/","title":{"rendered":"Home"},"content":{"rendered":"\n<h1>\n\t\tBrustkrebs\n\t<\/h1>\n\t<p>Diese Bildungsressource gibt medizinischen Fachpersonen relevante Tools an die Hand, um mehr \u00fcber die derzeitigen Therapien f\u00fcr die sichere und wirksame Behandlung von Patientinnen mit Brustkrebs im Fr\u00fchstadium oder metastasiertem Brustkrebs zu erfahren. Dies soll auch sicherstellen, dass Best Practices eingehalten werden, mit denen die Lebensqualit\u00e4t der betroffenen Frauen verbessert werden kann.<\/p>\n<p>Bei der Erstellung der Inhalte kommt die Fachkompetenz eines unabh\u00e4ngig ausgew\u00e4hlten Redaktionsgremiums zum Tragen, das sich aus Experten auf dem Gebiet der Diagnose und Behandlung von Brustkrebs zusammensetzt.<\/p>\n  <style>\n  video-js.video-js.vjs-fluid:not(.vjs-audio-only-mode) {\n    padding-top: 56.25%;\n  }\n  <\/style><video-js\n    data-account=\"656326989001\"\n    data-player=\"mrrIA6xch\"\n    data-embed=\"default\"\n    controls=\"\"\n    data-video-id=\"6368611187112\"\n    data-playlist-id=\"\"\n    data-application-id=\"\"><\/video-js>\n\t\t\t<a href=\"\/de\/webinare\/klinisches-potenzial-von-cdk4-6-inhibitoren-bei-brustkrebs-teil-2\/\" target=\"_self\" rel=\"noopener\">\n\t\t\t\t\t\t\tCME-Punkte\n\t\t\t\t\t<\/a>\n\t\t\t\t\t\t<h2>Expertenkommentare<\/h2>\n<a href=\"\/de\/expertenkommentare\/\"><img loading=\"lazy\" decoding=\"async\" src=\"https:\/\/breastcancer.knowledgehub.wiley.com\/wp-content\/uploads\/2023\/12\/Case-Study-Rachel-Wurstlein.jpg\" alt=\"\" width=\"600\" height=\"337\" \/><\/a>\n<p>Fallstudien und wichtige Take-Home-Messages zur Diagnose und Behandlung von Brustkrebs, kuratiert f\u00fcr medizinische Fachpersonen von unserem Redaktionsgremium aus Experten.<\/p>\n\u00a0\n<a role=\"button\" href=\"\/de\/expertenkommentare\/\">Kommentare Lesen<\/a>\n\t\t\t\t\t\t<h2>Infografiken<\/h2>\n<a href=\"https:\/\/breastcancer.knowledgehub.wiley.com\/de\/infografiken\/\"><img loading=\"lazy\" decoding=\"async\" src=\"https:\/\/breastcancer.knowledgehub.wiley.com\/wp-content\/uploads\/2024\/01\/Infografik_HR_HER2_Brustkrebs_DE.png\" alt=\"Infografik Brustkrebs\" width=\"600\" height=\"337\" \/><\/a>\n<p>Diese Infografiken enthalten die neuesten Informationen zu Brustkrebs im Fr\u00fchstadium und metastasiertem Brustkrebs f\u00fcr das gesamte multidisziplin\u00e4re Team.<\/p>\n\u00a0\n\u00a0\n<a role=\"button\" href=\"https:\/\/breastcancer.knowledgehub.wiley.com\/de\/infografiken\/\">Infografiken Anzeigen<\/a>\n\t\t\t\t\t\t<h2>Webinare<\/h2>\n<a href=\"\/de\/webinare\/\" rel=\"noopener\"><img loading=\"lazy\" decoding=\"async\" src=\"https:\/\/breastcancer.knowledgehub.wiley.com\/wp-content\/uploads\/2023\/12\/Webinar-1-German.jpg\" alt=\"\" width=\"600\" height=\"338\" \/><\/a>\n<p>Mit diesen Webinaren haben medizinische Fachpersonen die M\u00f6glichkeit, sich \u00fcber die derzeitigen Therapien f\u00fcr die sichere und wirksame Behandlung von Patientinnen mit Brustkrebs im Fr\u00fchstadium oder metastasiertem Brustkrebs zu informieren.<br \/>Die Referenten des Webinars sind f\u00fchrende Experten und die Webinare sind CME-akkreditiert.<\/p>\n\u00a0\n<a role=\"button\" href=\"\/de\/webinare\/\" rel=\"noopener\">Webinare Anschauen<\/a>\n\t\t\t\t\t\t\t\t\t\t<a class=\"uabb-ss-grid-button-link\" href=\"https:\/\/www.xing.com\/app\/user?op=share&#038;url=https%3A%2F%2Fbreastcancer.knowledgehub.wiley.com%2Fde%2F%3Ffl_builder\" target=\"_blank\" onclick=\"window.open(this.href,'social-share','left=20,top=20,width=500,height=500,toolbar=1,resizable=0');return false;\" rel=\"noopener\">\n\t\t\t\t\t\t\t\tXing\n\t\t\t\t\t\t\t\t\t\t<\/a>\n\t\t\t\t\t\t\t\t\t\t<a class=\"uabb-ss-grid-button-link\" href=\"https:\/\/www.facebook.com\/sharer.php?u=https%3A%2F%2Fbreastcancer.knowledgehub.wiley.com%2Fde%2F%3Ffl_builder\" target=\"_blank\" onclick=\"window.open(this.href,'social-share','left=20,top=20,width=500,height=500,toolbar=1,resizable=0');return false;\" rel=\"noopener\">\n\t\t\t\t\t\t\t\tFacebook\n\t\t\t\t\t\t\t\t\t\t<\/a>\n\t\t\t\t\t\t\t\t\t\t<a class=\"uabb-ss-grid-button-link\" href=\"https:\/\/twitter.com\/share?url=https%3A%2F%2Fbreastcancer.knowledgehub.wiley.com%2Fde%2F%3Ffl_builder\" target=\"_blank\" onclick=\"window.open(this.href,'social-share','left=20,top=20,width=500,height=500,toolbar=1,resizable=0');return false;\" rel=\"noopener\">\n\t\t\t\t\t\t\t\tTwitter\n\t\t\t\t\t\t\t\t\t\t<\/a>\n\t\t\t\t\t\t\t\t\t\t<a class=\"uabb-ss-grid-button-link\" href=\"https:\/\/www.linkedin.com\/shareArticle?url=https%3A%2F%2Fbreastcancer.knowledgehub.wiley.com%2Fde%2F%3Ffl_builder\" target=\"_blank\" onclick=\"window.open(this.href,'social-share','left=20,top=20,width=500,height=500,toolbar=1,resizable=0');return false;\" rel=\"noopener\">\n\t\t\t\t\t\t\t\tLinkedin\n\t\t\t\t\t\t\t\t\t\t<\/a>\n\n","protected":false},"excerpt":{"rendered":"<p>Brustkrebs Diese Bildungsressource gibt medizinischen Fachpersonen relevante Tools an die Hand, um mehr \u00fcber die derzeitigen Therapien f\u00fcr die sichere und wirksame Behandlung von Patientinnen mit Brustkrebs im Fr\u00fchstadium oder metastasiertem Brustkrebs zu erfahren. Dies soll auch sicherstellen, dass Best Practices eingehalten werden, mit denen die Lebensqualit\u00e4t der betroffenen Frauen verbessert werden kann. Bei der [&hellip;]<\/p>\n","protected":false},"author":10,"featured_media":27959,"parent":0,"menu_order":0,"comment_status":"closed","ping_status":"closed","template":"","meta":{"_acf_changed":false,"site-sidebar-layout":"default","site-content-layout":"page-builder","ast-site-content-layout":"full-width-container","site-content-style":"unboxed","site-sidebar-style":"unboxed","ast-global-header-display":"","ast-banner-title-visibility":"","ast-main-header-display":"","ast-hfb-above-header-display":"","ast-hfb-below-header-display":"","ast-hfb-mobile-header-display":"","site-post-title":"disabled","ast-breadcrumbs-content":"","ast-featured-img":"disabled","footer-sml-layout":"","ast-disable-related-posts":"","theme-transparent-header-meta":"default","adv-header-id-meta":"","stick-header-meta":"","header-above-stick-meta":"","header-main-stick-meta":"","header-below-stick-meta":"","astra-migrate-meta-layouts":"set","ast-page-background-enabled":"default","ast-page-background-meta":{"desktop":{"background-color":"","background-image":"","background-repeat":"repeat","background-position":"center center","background-size":"auto","background-attachment":"scroll","background-type":"","background-media":"","overlay-type":"","overlay-color":"","overlay-opacity":"","overlay-gradient":""},"tablet":{"background-color":"","background-image":"","background-repeat":"repeat","background-position":"center center","background-size":"auto","background-attachment":"scroll","background-type":"","background-media":"","overlay-type":"","overlay-color":"","overlay-opacity":"","overlay-gradient":""},"mobile":{"background-color":"","background-image":"","background-repeat":"repeat","background-position":"center center","background-size":"auto","background-attachment":"scroll","background-type":"","background-media":"","overlay-type":"","overlay-color":"","overlay-opacity":"","overlay-gradient":""}},"ast-content-background-meta":{"desktop":{"background-color":"var(--ast-global-color-5)","background-image":"","background-repeat":"repeat","background-position":"center center","background-size":"auto","background-attachment":"scroll","background-type":"","background-media":"","overlay-type":"","overlay-color":"","overlay-opacity":"","overlay-gradient":""},"tablet":{"background-color":"var(--ast-global-color-5)","background-image":"","background-repeat":"repeat","background-position":"center center","background-size":"auto","background-attachment":"scroll","background-type":"","background-media":"","overlay-type":"","overlay-color":"","overlay-opacity":"","overlay-gradient":""},"mobile":{"background-color":"var(--ast-global-color-5)","background-image":"","background-repeat":"repeat","background-position":"center center","background-size":"auto","background-attachment":"scroll","background-type":"","background-media":"","overlay-type":"","overlay-color":"","overlay-opacity":"","overlay-gradient":""}},"footnotes":""},"class_list":["post-28302","page","type-page","status-publish","has-post-thumbnail","hentry"],"acf":[],"yoast_head":"<!-- This site is optimized with the Yoast SEO plugin v27.1.1 - https:\/\/yoast.com\/product\/yoast-seo-wordpress\/ -->\n<title>Home - Bildungsressourcen zum Thema Brustkrebs f\u00fcr medizinische Fachpersonen<\/title>\n<meta name=\"description\" content=\"Aktuelle Informationen f\u00fcr Fachkreise \u00fcber die sichere und wirksame Behandlung von Patientinnen mit Brustkrebs.\" \/>\n<meta name=\"robots\" content=\"index, follow, max-snippet:-1, max-image-preview:large, max-video-preview:-1\" \/>\n<link rel=\"canonical\" href=\"https:\/\/breastcancer.knowledgehub.wiley.com\/de\/\" \/>\n<meta property=\"og:locale\" content=\"de_DE\" \/>\n<meta property=\"og:type\" content=\"article\" \/>\n<meta property=\"og:title\" content=\"Home - Bildungsressourcen zum Thema Brustkrebs f\u00fcr medizinische Fachpersonen\" \/>\n<meta property=\"og:description\" content=\"Aktuelle Informationen f\u00fcr Fachkreise \u00fcber die sichere und wirksame Behandlung von Patientinnen mit Brustkrebs.\" \/>\n<meta property=\"og:url\" content=\"https:\/\/breastcancer.knowledgehub.wiley.com\/de\/\" \/>\n<meta property=\"og:site_name\" content=\"Bildungsressourcen zum Thema Brustkrebs f\u00fcr medizinische Fachpersonen\" \/>\n<meta property=\"article:modified_time\" content=\"2025-04-02T15:05:09+00:00\" \/>\n<meta property=\"og:image\" content=\"https:\/\/breastcancer.knowledgehub.wiley.com\/wp-content\/uploads\/2023\/08\/Breast-Cancer.jpeg\" \/>\n\t<meta property=\"og:image:width\" content=\"1000\" \/>\n\t<meta property=\"og:image:height\" content=\"714\" \/>\n\t<meta property=\"og:image:type\" content=\"image\/jpeg\" \/>\n<meta name=\"twitter:card\" content=\"summary_large_image\" \/>\n<meta name=\"twitter:label1\" content=\"Est. reading time\" \/>\n\t<meta name=\"twitter:data1\" content=\"2 minutes\" \/>\n<script type=\"application\/ld+json\" class=\"yoast-schema-graph\">{\"@context\":\"https:\/\/schema.org\",\"@graph\":[{\"@type\":\"WebPage\",\"@id\":\"https:\/\/breastcancer.knowledgehub.wiley.com\/de\/\",\"url\":\"https:\/\/breastcancer.knowledgehub.wiley.com\/de\/\",\"name\":\"Home - Bildungsressourcen zum Thema Brustkrebs f\u00fcr medizinische Fachpersonen\",\"isPartOf\":{\"@id\":\"https:\/\/breastcancer.knowledgehub.wiley.com\/de\/#website\"},\"primaryImageOfPage\":{\"@id\":\"https:\/\/breastcancer.knowledgehub.wiley.com\/de\/#primaryimage\"},\"image\":{\"@id\":\"https:\/\/breastcancer.knowledgehub.wiley.com\/de\/#primaryimage\"},\"thumbnailUrl\":\"https:\/\/breastcancer.knowledgehub.wiley.com\/wp-content\/uploads\/2023\/08\/Breast-Cancer.jpeg\",\"datePublished\":\"2023-05-15T13:04:30+00:00\",\"dateModified\":\"2025-04-02T15:05:09+00:00\",\"description\":\"Aktuelle Informationen f\u00fcr Fachkreise \u00fcber die sichere und wirksame Behandlung von Patientinnen mit Brustkrebs.\",\"breadcrumb\":{\"@id\":\"https:\/\/breastcancer.knowledgehub.wiley.com\/de\/#breadcrumb\"},\"inLanguage\":\"de-DE\",\"potentialAction\":[{\"@type\":\"ReadAction\",\"target\":[\"https:\/\/breastcancer.knowledgehub.wiley.com\/de\/\"]}]},{\"@type\":\"ImageObject\",\"inLanguage\":\"de-DE\",\"@id\":\"https:\/\/breastcancer.knowledgehub.wiley.com\/de\/#primaryimage\",\"url\":\"https:\/\/breastcancer.knowledgehub.wiley.com\/wp-content\/uploads\/2023\/08\/Breast-Cancer.jpeg\",\"contentUrl\":\"https:\/\/breastcancer.knowledgehub.wiley.com\/wp-content\/uploads\/2023\/08\/Breast-Cancer.jpeg\",\"width\":1000,\"height\":714,\"caption\":\"Breast cancer with lymphatics\"},{\"@type\":\"BreadcrumbList\",\"@id\":\"https:\/\/breastcancer.knowledgehub.wiley.com\/de\/#breadcrumb\",\"itemListElement\":[{\"@type\":\"ListItem\",\"position\":1,\"name\":\"Home\",\"item\":\"https:\/\/breastcancer.knowledgehub.wiley.com\/de\/\"},{\"@type\":\"ListItem\",\"position\":2,\"name\":\"Home\"}]},{\"@type\":\"WebSite\",\"@id\":\"https:\/\/breastcancer.knowledgehub.wiley.com\/de\/#website\",\"url\":\"https:\/\/breastcancer.knowledgehub.wiley.com\/de\/\",\"name\":\"Bildungsressourcen zum Thema Brustkrebs f\u00fcr medizinische Fachpersonen\",\"description\":\"Breast Cancer focused knowledge hub of resources, webinars, latest research and clinical updates for health care professionals who are treating patients living with Breast Cancer\",\"publisher\":{\"@id\":\"https:\/\/breastcancer.knowledgehub.wiley.com\/de\/#organization\"},\"potentialAction\":[{\"@type\":\"SearchAction\",\"target\":{\"@type\":\"EntryPoint\",\"urlTemplate\":\"https:\/\/breastcancer.knowledgehub.wiley.com\/de\/?s={search_term_string}\"},\"query-input\":{\"@type\":\"PropertyValueSpecification\",\"valueRequired\":true,\"valueName\":\"search_term_string\"}}],\"inLanguage\":\"de-DE\"},{\"@type\":\"Organization\",\"@id\":\"https:\/\/breastcancer.knowledgehub.wiley.com\/de\/#organization\",\"name\":\"Wiley\",\"url\":\"https:\/\/breastcancer.knowledgehub.wiley.com\/de\/\",\"logo\":{\"@type\":\"ImageObject\",\"inLanguage\":\"de-DE\",\"@id\":\"https:\/\/breastcancer.knowledgehub.wiley.com\/de\/#\/schema\/logo\/image\/\",\"url\":\"https:\/\/breastcancer.knowledgehub.wiley.com\/wp-content\/uploads\/2023\/02\/Wiley_Logo.jpg\",\"contentUrl\":\"https:\/\/breastcancer.knowledgehub.wiley.com\/wp-content\/uploads\/2023\/02\/Wiley_Logo.jpg\",\"width\":696,\"height\":696,\"caption\":\"Wiley\"},\"image\":{\"@id\":\"https:\/\/breastcancer.knowledgehub.wiley.com\/de\/#\/schema\/logo\/image\/\"}}]}<\/script>\n<!-- \/ Yoast SEO plugin. -->","yoast_head_json":{"title":"Home - Bildungsressourcen zum Thema Brustkrebs f\u00fcr medizinische Fachpersonen","description":"Aktuelle Informationen f\u00fcr Fachkreise \u00fcber die sichere und wirksame Behandlung von Patientinnen mit Brustkrebs.","robots":{"index":"index","follow":"follow","max-snippet":"max-snippet:-1","max-image-preview":"max-image-preview:large","max-video-preview":"max-video-preview:-1"},"canonical":"https:\/\/breastcancer.knowledgehub.wiley.com\/de\/","og_locale":"de_DE","og_type":"article","og_title":"Home - Bildungsressourcen zum Thema Brustkrebs f\u00fcr medizinische Fachpersonen","og_description":"Aktuelle Informationen f\u00fcr Fachkreise \u00fcber die sichere und wirksame Behandlung von Patientinnen mit Brustkrebs.","og_url":"https:\/\/breastcancer.knowledgehub.wiley.com\/de\/","og_site_name":"Bildungsressourcen zum Thema Brustkrebs f\u00fcr medizinische Fachpersonen","article_modified_time":"2025-04-02T15:05:09+00:00","og_image":[{"width":1000,"height":714,"url":"https:\/\/breastcancer.knowledgehub.wiley.com\/wp-content\/uploads\/2023\/08\/Breast-Cancer.jpeg","type":"image\/jpeg"}],"twitter_card":"summary_large_image","twitter_misc":{"Est. reading time":"2 minutes"},"schema":{"@context":"https:\/\/schema.org","@graph":[{"@type":"WebPage","@id":"https:\/\/breastcancer.knowledgehub.wiley.com\/de\/","url":"https:\/\/breastcancer.knowledgehub.wiley.com\/de\/","name":"Home - Bildungsressourcen zum Thema Brustkrebs f\u00fcr medizinische Fachpersonen","isPartOf":{"@id":"https:\/\/breastcancer.knowledgehub.wiley.com\/de\/#website"},"primaryImageOfPage":{"@id":"https:\/\/breastcancer.knowledgehub.wiley.com\/de\/#primaryimage"},"image":{"@id":"https:\/\/breastcancer.knowledgehub.wiley.com\/de\/#primaryimage"},"thumbnailUrl":"https:\/\/breastcancer.knowledgehub.wiley.com\/wp-content\/uploads\/2023\/08\/Breast-Cancer.jpeg","datePublished":"2023-05-15T13:04:30+00:00","dateModified":"2025-04-02T15:05:09+00:00","description":"Aktuelle Informationen f\u00fcr Fachkreise \u00fcber die sichere und wirksame Behandlung von Patientinnen mit Brustkrebs.","breadcrumb":{"@id":"https:\/\/breastcancer.knowledgehub.wiley.com\/de\/#breadcrumb"},"inLanguage":"de-DE","potentialAction":[{"@type":"ReadAction","target":["https:\/\/breastcancer.knowledgehub.wiley.com\/de\/"]}]},{"@type":"ImageObject","inLanguage":"de-DE","@id":"https:\/\/breastcancer.knowledgehub.wiley.com\/de\/#primaryimage","url":"https:\/\/breastcancer.knowledgehub.wiley.com\/wp-content\/uploads\/2023\/08\/Breast-Cancer.jpeg","contentUrl":"https:\/\/breastcancer.knowledgehub.wiley.com\/wp-content\/uploads\/2023\/08\/Breast-Cancer.jpeg","width":1000,"height":714,"caption":"Breast cancer with lymphatics"},{"@type":"BreadcrumbList","@id":"https:\/\/breastcancer.knowledgehub.wiley.com\/de\/#breadcrumb","itemListElement":[{"@type":"ListItem","position":1,"name":"Home","item":"https:\/\/breastcancer.knowledgehub.wiley.com\/de\/"},{"@type":"ListItem","position":2,"name":"Home"}]},{"@type":"WebSite","@id":"https:\/\/breastcancer.knowledgehub.wiley.com\/de\/#website","url":"https:\/\/breastcancer.knowledgehub.wiley.com\/de\/","name":"Bildungsressourcen zum Thema Brustkrebs f\u00fcr medizinische Fachpersonen","description":"Breast Cancer focused knowledge hub of resources, webinars, latest research and clinical updates for health care professionals who are treating patients living with Breast Cancer","publisher":{"@id":"https:\/\/breastcancer.knowledgehub.wiley.com\/de\/#organization"},"potentialAction":[{"@type":"SearchAction","target":{"@type":"EntryPoint","urlTemplate":"https:\/\/breastcancer.knowledgehub.wiley.com\/de\/?s={search_term_string}"},"query-input":{"@type":"PropertyValueSpecification","valueRequired":true,"valueName":"search_term_string"}}],"inLanguage":"de-DE"},{"@type":"Organization","@id":"https:\/\/breastcancer.knowledgehub.wiley.com\/de\/#organization","name":"Wiley","url":"https:\/\/breastcancer.knowledgehub.wiley.com\/de\/","logo":{"@type":"ImageObject","inLanguage":"de-DE","@id":"https:\/\/breastcancer.knowledgehub.wiley.com\/de\/#\/schema\/logo\/image\/","url":"https:\/\/breastcancer.knowledgehub.wiley.com\/wp-content\/uploads\/2023\/02\/Wiley_Logo.jpg","contentUrl":"https:\/\/breastcancer.knowledgehub.wiley.com\/wp-content\/uploads\/2023\/02\/Wiley_Logo.jpg","width":696,"height":696,"caption":"Wiley"},"image":{"@id":"https:\/\/breastcancer.knowledgehub.wiley.com\/de\/#\/schema\/logo\/image\/"}}]}},"_links":{"self":[{"href":"https:\/\/breastcancer.knowledgehub.wiley.com\/de\/wp-json\/wp\/v2\/pages\/28302","targetHints":{"allow":["GET"]}}],"collection":[{"href":"https:\/\/breastcancer.knowledgehub.wiley.com\/de\/wp-json\/wp\/v2\/pages"}],"about":[{"href":"https:\/\/breastcancer.knowledgehub.wiley.com\/de\/wp-json\/wp\/v2\/types\/page"}],"author":[{"embeddable":true,"href":"https:\/\/breastcancer.knowledgehub.wiley.com\/de\/wp-json\/wp\/v2\/users\/10"}],"replies":[{"embeddable":true,"href":"https:\/\/breastcancer.knowledgehub.wiley.com\/de\/wp-json\/wp\/v2\/comments?post=28302"}],"version-history":[{"count":25,"href":"https:\/\/breastcancer.knowledgehub.wiley.com\/de\/wp-json\/wp\/v2\/pages\/28302\/revisions"}],"predecessor-version":[{"id":30425,"href":"https:\/\/breastcancer.knowledgehub.wiley.com\/de\/wp-json\/wp\/v2\/pages\/28302\/revisions\/30425"}],"wp:featuredmedia":[{"embeddable":true,"href":"https:\/\/breastcancer.knowledgehub.wiley.com\/de\/wp-json\/wp\/v2\/media\/27959"}],"wp:attachment":[{"href":"https:\/\/breastcancer.knowledgehub.wiley.com\/de\/wp-json\/wp\/v2\/media?parent=28302"}],"curies":[{"name":"wp","href":"https:\/\/api.w.org\/{rel}","templated":true}]}}